{"id":17282,"date":"2022-10-27T20:39:16","date_gmt":"2022-10-28T00:39:16","guid":{"rendered":"https:\/\/kotobuki-international.com\/educacion-y-universidades\/"},"modified":"2023-01-27T11:55:22","modified_gmt":"2023-01-27T09:55:22","slug":"educacion-y-universidades","status":"publish","type":"page","link":"https:\/\/kotobuki-international.com\/es\/educacion-y-universidades\/","title":{"rendered":"Educaci\u00f3n y Universidades"},"content":{"rendered":"<p>[et_pb_section fb_built=\u00bb1&#8243; custom_padding_last_edited=\u00bbon|tablet\u00bb _builder_version=\u00bb4.18.0&#8243; _module_preset=\u00bbdefault\u00bb custom_padding=\u00bb10px||||false|false\u00bb custom_padding_tablet=\u00bb10px|30px||30px|false|false\u00bb custom_padding_phone=\u00bb10px|30px||30px|false|false\u00bb global_colors_info=\u00bb{}\u00bb][et_pb_row custom_padding_last_edited=\u00bbon|tablet\u00bb admin_label=\u00bbMigas de pan\u00bb _builder_version=\u00bb4.18.0&#8243; _module_preset=\u00bbdefault\u00bb width=\u00bb100%\u00bb custom_padding=\u00bb||||false|false\u00bb custom_padding_tablet=\u00bb||0px||false|false\u00bb custom_padding_phone=\u00bb||0px||false|false\u00bb locked=\u00bboff\u00bb global_colors_info=\u00bb{}\u00bb][et_pb_column type=\u00bb4_4&#8243; _builder_version=\u00bb4.18.0&#8243; _module_preset=\u00bbdefault\u00bb global_colors_info=\u00bb{}\u00bb][et_pb_text _builder_version=\u00bb4.18.0&#8243; _module_preset=\u00bbdefault\u00bb text_font=\u00bbHelvetica||||||||\u00bb text_text_color=\u00bb#777777&#8243; text_font_size=\u00bb12px\u00bb link_text_color=\u00bb#777777&#8243; global_colors_info=\u00bb{}\u00bb]<\/p>\n<span><span><a href=\"https:\/\/kotobuki-international.com\/es\/\">Home<\/a><\/span><\/span>\n<p>[\/et_pb_text][\/et_pb_column][\/et_pb_row][et_pb_row column_structure=\u00bb1_2,1_2&#8243; use_custom_gutter=\u00bbon\u00bb gutter_width=\u00bb2&#8243; make_equal=\u00bbon\u00bb _builder_version=\u00bb4.18.0&#8243; _module_preset=\u00bbdefault\u00bb width=\u00bb100%\u00bb global_colors_info=\u00bb{}\u00bb][et_pb_column type=\u00bb1_2&#8243; _builder_version=\u00bb4.18.0&#8243; _module_preset=\u00bbdefault\u00bb global_colors_info=\u00bb{}\u00bb][et_pb_dp_oc_custom show_arrow=\u00bboff\u00bb items_per_dot=\u00bb1&#8243; control_size=\u00bb8px\u00bb thumbnail_size=\u00bbocp_full\u00bb number_thumb=\u00bb1&#8243; number_thumb_tablet=\u00bb1&#8243; number_thumb_phone=\u00bb\u00bb number_thumb_last_edited=\u00bbon|tablet\u00bb _builder_version=\u00bb4.19.2&#8243; _module_preset=\u00bbdefault\u00bb global_colors_info=\u00bb{}\u00bb][et_pb_dp_oc_custom_item upload_image=\u00bbhttps:\/\/kotobuki-international.com\/wp-content\/uploads\/2022\/12\/3-3.jpg\u00bb _builder_version=\u00bb4.19.2&#8243; _module_preset=\u00bbdefault\u00bb global_colors_info=\u00bb{}\u00bb][\/et_pb_dp_oc_custom_item][et_pb_dp_oc_custom_item upload_image=\u00bbhttps:\/\/kotobuki-international.com\/wp-content\/uploads\/2022\/10\/1-2.jpg\u00bb _builder_version=\u00bb4.18.0&#8243; _module_preset=\u00bbdefault\u00bb global_colors_info=\u00bb{}\u00bb][\/et_pb_dp_oc_custom_item][et_pb_dp_oc_custom_item upload_image=\u00bbhttps:\/\/kotobuki-international.com\/wp-content\/uploads\/2022\/10\/5-2.jpg\u00bb _builder_version=\u00bb4.18.0&#8243; _module_preset=\u00bbdefault\u00bb global_colors_info=\u00bb{}\u00bb][\/et_pb_dp_oc_custom_item][et_pb_dp_oc_custom_item upload_image=\u00bbhttps:\/\/kotobuki-international.com\/wp-content\/uploads\/2022\/12\/4-3.jpg\u00bb _builder_version=\u00bb4.19.2&#8243; _module_preset=\u00bbdefault\u00bb global_colors_info=\u00bb{}\u00bb][\/et_pb_dp_oc_custom_item][et_pb_dp_oc_custom_item upload_image=\u00bbhttps:\/\/kotobuki-international.com\/wp-content\/uploads\/2022\/12\/2-3.jpg\u00bb _builder_version=\u00bb4.19.2&#8243; _module_preset=\u00bbdefault\u00bb global_colors_info=\u00bb{}\u00bb][\/et_pb_dp_oc_custom_item][\/et_pb_dp_oc_custom][\/et_pb_column][et_pb_column type=\u00bb1_2&#8243; _builder_version=\u00bb4.18.0&#8243; _module_preset=\u00bbdefault\u00bb global_colors_info=\u00bb{}\u00bb][et_pb_text _builder_version=\u00bb4.19.4&#8243; _module_preset=\u00bbdefault\u00bb text_font=\u00bbRoboto|300|||||||\u00bb text_text_color=\u00bb#4F6565&#8243; text_line_height=\u00bb22px\u00bb header_font=\u00bbRoboto|700|||||||\u00bb header_text_color=\u00bb#000000&#8243; header_line_height=\u00bb30px\u00bb header_2_font=\u00bbRoboto|500|||||||\u00bb header_2_text_color=\u00bb#4F6565&#8243; header_2_font_size=\u00bb24px\u00bb header_2_line_height=\u00bb24px\u00bb global_colors_info=\u00bb{}\u00bb]<\/p>\n<h1 class=\"product_title entry-title show-product-nav\">Educaci\u00f3n y Universidades<\/h1>\n<div class=\"description woocommerce-product-details__short-description\">\n<h4><strong><span>Butacas y sistemas de asientos m\u00f3viles para espacios educativos y universitarios<\/span><\/strong><\/h4>\n<p>El cat\u00e1logo de productos de KOTOBUKI SEATING INTERNATIONAL presenta una amplia gama de modelos, desde los asientos m\u00e1s tradicionales hasta asientos con dise\u00f1os modernos e innovadores con escritorio, para todo tipo de espacios educativos y universitarios.<\/p>\n<p>Las butacas para espacios educativos y universitarios de KOTOBUKI SEATING INTERNATIONAL son la elecci\u00f3n perfecta para equipar espacios que requieren un producto de calidad, confortable y con las exigencias ac\u00fasticas ideales. Con un enfoque en la sostenibilidad, nuestros productos est\u00e1n dise\u00f1ados bajo la filosof\u00eda del Ecodise\u00f1o, buscando siempre que los componentes puedan ser reciclados por separado, reduciendo as\u00ed la huella ecol\u00f3gica. Los productos de KOTOBUKI SEATING INTERNATIONAL permiten el uso de tapizados fabricados a partir de botellas de PET recicladas. Uno de los principales objetivos de KOTOBUKI SEATING INTERNATIONAL es conseguir que nuestras instalaciones est\u00e9n siempre en perfecto estado. Para ello, contamos con un equipo de profesionales encargados del cuidado y mantenimiento de los productos que hemos fabricado e instalado. De esta manera nos aseguramos de que alcancen un ciclo de vida prolongado y ayudemos a conservar el planeta.<\/p>\n<p>En KOTOBUKI SEATING INTERNATIONAL contamos con t\u00e9cnicos especializados y jefes de proyecto que acompa\u00f1an a nuestro cliente en todo el proceso de ejecuci\u00f3n del pedido, trabajando mano a mano con arquitectos y consultores para dar soluci\u00f3n a cualquier planteamiento.<\/p>\n<\/div>\n<p>[\/et_pb_text][\/et_pb_column][\/et_pb_row][et_pb_row _builder_version=\u00bb4.18.0&#8243; _module_preset=\u00bbdefault\u00bb width=\u00bb100%\u00bb global_colors_info=\u00bb{}\u00bb][et_pb_column type=\u00bb4_4&#8243; _builder_version=\u00bb4.18.0&#8243; _module_preset=\u00bbdefault\u00bb global_colors_info=\u00bb{}\u00bb][et_pb_text _builder_version=\u00bb4.18.0&#8243; _module_preset=\u00bbdefault\u00bb header_3_font=\u00bbRoboto|500|||||||\u00bb header_3_text_color=\u00bb#000000&#8243; global_colors_info=\u00bb{}\u00bb]<\/p>\n<h3>Productos relacionados<\/h3>\n<p>[\/et_pb_text][\/et_pb_column][\/et_pb_row][et_pb_row _builder_version=\u00bb4.18.0&#8243; _module_preset=\u00bbdefault\u00bb width=\u00bb100%\u00bb global_colors_info=\u00bb{}\u00bb][et_pb_column type=\u00bb4_4&#8243; _builder_version=\u00bb4.18.0&#8243; _module_preset=\u00bbdefault\u00bb global_colors_info=\u00bb{}\u00bb][et_pb_dp_oc number_post=\u00bb8&#8243; remove_current_post=\u00bbon\u00bb cpt_name=\u00bbproduct\u00bb cpt_categories=\u00bb40&#8243; orderby=\u00bbrand\u00bb show_post_title=\u00bbon\u00bb show_arrow=\u00bboff\u00bb control_size=\u00bb8px\u00bb thumbnail_size=\u00bbocp_full\u00bb number_thumb=\u00bb4&#8243; number_thumb_tablet=\u00bb2&#8243; module_class=\u00bbrelprod\u00bb _builder_version=\u00bb4.19.5&#8243; _module_preset=\u00bbdefault\u00bb post_title_font=\u00bbHelvetica||||||||\u00bb post_title_text_align=\u00bbcenter\u00bb post_title_text_color=\u00bb#000000&#8243; post_title_font_size=\u00bb17px\u00bb post_title_line_height=\u00bb22px\u00bb hover_enabled=\u00bb0&#8243; locked=\u00bboff\u00bb global_colors_info=\u00bb{}\u00bb sticky_enabled=\u00bb0&#8243;][\/et_pb_dp_oc][\/et_pb_column][\/et_pb_row][\/et_pb_section]<\/p>\n","protected":false},"excerpt":{"rendered":"<p><span><span><a href=\"https:\/\/kotobuki-international.com\/es\/\">Home<\/a><\/span><\/span>Educaci\u00f3n y Universidades Butacas y sistemas de asientos m\u00f3viles para espacios educativos y universitarios El cat\u00e1logo de productos de KOTOBUKI SEATING INTERNATIONAL presenta una amplia gama de modelos, desde los asientos m\u00e1s tradicionales hasta asientos con dise\u00f1os modernos e innovadores con escritorio, para todo tipo de espacios educativos y universitarios. Las butacas para espacios educativos [&hellip;]<\/p>\n","protected":false},"author":1,"featured_media":0,"parent":0,"menu_order":36,"comment_status":"closed","ping_status":"closed","template":"","meta":{"_acf_changed":false,"_et_pb_use_builder":"on","_et_pb_old_content":"","_et_gb_content_width":"","footnotes":""},"class_list":["post-17282","page","type-page","status-publish","hentry"],"acf":[],"yoast_head":"<!-- This site is optimized with the Yoast SEO plugin v27.3 - https:\/\/yoast.com\/product\/yoast-seo-wordpress\/ -->\n<title>Educaci\u00f3n y Universidades - Kotobuki Seating Intl.<\/title>\n<meta name=\"robots\" content=\"index, follow, max-snippet:-1, max-image-preview:large, max-video-preview:-1\" \/>\n<link rel=\"canonical\" href=\"https:\/\/kotobuki-international.com\/es\/educacion-y-universidades\/\" \/>\n<meta property=\"og:locale\" content=\"es_ES\" \/>\n<meta property=\"og:type\" content=\"article\" \/>\n<meta property=\"og:title\" content=\"Educaci\u00f3n y Universidades - Kotobuki Seating Intl.\" \/>\n<meta property=\"og:description\" content=\"Educaci\u00f3n y Universidades Butacas y sistemas de asientos m\u00f3viles para espacios educativos y universitarios El cat\u00e1logo de productos de KOTOBUKI SEATING INTERNATIONAL presenta una amplia gama de modelos, desde los asientos m\u00e1s tradicionales hasta asientos con dise\u00f1os modernos e innovadores con escritorio, para todo tipo de espacios educativos y universitarios. Las butacas para espacios educativos [&hellip;]\" \/>\n<meta property=\"og:url\" content=\"https:\/\/kotobuki-international.com\/es\/educacion-y-universidades\/\" \/>\n<meta property=\"og:site_name\" content=\"Kotobuki Seating Intl.\" \/>\n<meta property=\"article:publisher\" content=\"https:\/\/www.facebook.com\/SitwithKOTOBUKI\" \/>\n<meta property=\"article:modified_time\" content=\"2023-01-27T09:55:22+00:00\" \/>\n<meta name=\"twitter:card\" content=\"summary_large_image\" \/>\n<meta name=\"twitter:label1\" content=\"Tiempo de lectura\" \/>\n\t<meta name=\"twitter:data1\" content=\"4 minutos\" \/>\n<script type=\"application\/ld+json\" class=\"yoast-schema-graph\">{\"@context\":\"https:\\\/\\\/schema.org\",\"@graph\":[{\"@type\":\"WebPage\",\"@id\":\"https:\\\/\\\/kotobuki-international.com\\\/es\\\/educacion-y-universidades\\\/\",\"url\":\"https:\\\/\\\/kotobuki-international.com\\\/es\\\/educacion-y-universidades\\\/\",\"name\":\"Educaci\u00f3n y Universidades - Kotobuki Seating Intl.\",\"isPartOf\":{\"@id\":\"https:\\\/\\\/kotobuki-international.com\\\/es\\\/#website\"},\"datePublished\":\"2022-10-28T00:39:16+00:00\",\"dateModified\":\"2023-01-27T09:55:22+00:00\",\"breadcrumb\":{\"@id\":\"https:\\\/\\\/kotobuki-international.com\\\/es\\\/educacion-y-universidades\\\/#breadcrumb\"},\"inLanguage\":\"es\",\"potentialAction\":[{\"@type\":\"ReadAction\",\"target\":[\"https:\\\/\\\/kotobuki-international.com\\\/es\\\/educacion-y-universidades\\\/\"]}]},{\"@type\":\"BreadcrumbList\",\"@id\":\"https:\\\/\\\/kotobuki-international.com\\\/es\\\/educacion-y-universidades\\\/#breadcrumb\",\"itemListElement\":[{\"@type\":\"ListItem\",\"position\":1,\"name\":\"Home\",\"item\":\"https:\\\/\\\/kotobuki-international.com\\\/es\\\/\"},{\"@type\":\"ListItem\",\"position\":2,\"name\":\"Segmentos \u00bb Educaci\u00f3n y Universidades\"}]},{\"@type\":\"WebSite\",\"@id\":\"https:\\\/\\\/kotobuki-international.com\\\/es\\\/#website\",\"url\":\"https:\\\/\\\/kotobuki-international.com\\\/es\\\/\",\"name\":\"Kotobuki Seating Intl.\",\"description\":\"Seating Solutions for Global Communities\",\"publisher\":{\"@id\":\"https:\\\/\\\/kotobuki-international.com\\\/es\\\/#organization\"},\"potentialAction\":[{\"@type\":\"SearchAction\",\"target\":{\"@type\":\"EntryPoint\",\"urlTemplate\":\"https:\\\/\\\/kotobuki-international.com\\\/es\\\/?s={search_term_string}\"},\"query-input\":{\"@type\":\"PropertyValueSpecification\",\"valueRequired\":true,\"valueName\":\"search_term_string\"}}],\"inLanguage\":\"es\"},{\"@type\":\"Organization\",\"@id\":\"https:\\\/\\\/kotobuki-international.com\\\/es\\\/#organization\",\"name\":\"Kotobuki Seating Intl.\",\"url\":\"https:\\\/\\\/kotobuki-international.com\\\/es\\\/\",\"logo\":{\"@type\":\"ImageObject\",\"inLanguage\":\"es\",\"@id\":\"https:\\\/\\\/kotobuki-international.com\\\/es\\\/#\\\/schema\\\/logo\\\/image\\\/\",\"url\":\"https:\\\/\\\/kotobuki-international.com\\\/wp-content\\\/uploads\\\/2025\\\/07\\\/Kotobukli.png\",\"contentUrl\":\"https:\\\/\\\/kotobuki-international.com\\\/wp-content\\\/uploads\\\/2025\\\/07\\\/Kotobukli.png\",\"width\":673,\"height\":622,\"caption\":\"Kotobuki Seating Intl.\"},\"image\":{\"@id\":\"https:\\\/\\\/kotobuki-international.com\\\/es\\\/#\\\/schema\\\/logo\\\/image\\\/\"},\"sameAs\":[\"https:\\\/\\\/www.facebook.com\\\/SitwithKOTOBUKI\",\"https:\\\/\\\/www.linkedin.com\\\/company\\\/kotobuki-seat\"]}]}<\/script>\n<!-- \/ Yoast SEO plugin. -->","yoast_head_json":{"title":"Educaci\u00f3n y Universidades - Kotobuki Seating Intl.","robots":{"index":"index","follow":"follow","max-snippet":"max-snippet:-1","max-image-preview":"max-image-preview:large","max-video-preview":"max-video-preview:-1"},"canonical":"https:\/\/kotobuki-international.com\/es\/educacion-y-universidades\/","og_locale":"es_ES","og_type":"article","og_title":"Educaci\u00f3n y Universidades - Kotobuki Seating Intl.","og_description":"Educaci\u00f3n y Universidades Butacas y sistemas de asientos m\u00f3viles para espacios educativos y universitarios El cat\u00e1logo de productos de KOTOBUKI SEATING INTERNATIONAL presenta una amplia gama de modelos, desde los asientos m\u00e1s tradicionales hasta asientos con dise\u00f1os modernos e innovadores con escritorio, para todo tipo de espacios educativos y universitarios. Las butacas para espacios educativos [&hellip;]","og_url":"https:\/\/kotobuki-international.com\/es\/educacion-y-universidades\/","og_site_name":"Kotobuki Seating Intl.","article_publisher":"https:\/\/www.facebook.com\/SitwithKOTOBUKI","article_modified_time":"2023-01-27T09:55:22+00:00","twitter_card":"summary_large_image","twitter_misc":{"Tiempo de lectura":"4 minutos"},"schema":{"@context":"https:\/\/schema.org","@graph":[{"@type":"WebPage","@id":"https:\/\/kotobuki-international.com\/es\/educacion-y-universidades\/","url":"https:\/\/kotobuki-international.com\/es\/educacion-y-universidades\/","name":"Educaci\u00f3n y Universidades - Kotobuki Seating Intl.","isPartOf":{"@id":"https:\/\/kotobuki-international.com\/es\/#website"},"datePublished":"2022-10-28T00:39:16+00:00","dateModified":"2023-01-27T09:55:22+00:00","breadcrumb":{"@id":"https:\/\/kotobuki-international.com\/es\/educacion-y-universidades\/#breadcrumb"},"inLanguage":"es","potentialAction":[{"@type":"ReadAction","target":["https:\/\/kotobuki-international.com\/es\/educacion-y-universidades\/"]}]},{"@type":"BreadcrumbList","@id":"https:\/\/kotobuki-international.com\/es\/educacion-y-universidades\/#breadcrumb","itemListElement":[{"@type":"ListItem","position":1,"name":"Home","item":"https:\/\/kotobuki-international.com\/es\/"},{"@type":"ListItem","position":2,"name":"Segmentos \u00bb Educaci\u00f3n y Universidades"}]},{"@type":"WebSite","@id":"https:\/\/kotobuki-international.com\/es\/#website","url":"https:\/\/kotobuki-international.com\/es\/","name":"Kotobuki Seating Intl.","description":"Seating Solutions for Global Communities","publisher":{"@id":"https:\/\/kotobuki-international.com\/es\/#organization"},"potentialAction":[{"@type":"SearchAction","target":{"@type":"EntryPoint","urlTemplate":"https:\/\/kotobuki-international.com\/es\/?s={search_term_string}"},"query-input":{"@type":"PropertyValueSpecification","valueRequired":true,"valueName":"search_term_string"}}],"inLanguage":"es"},{"@type":"Organization","@id":"https:\/\/kotobuki-international.com\/es\/#organization","name":"Kotobuki Seating Intl.","url":"https:\/\/kotobuki-international.com\/es\/","logo":{"@type":"ImageObject","inLanguage":"es","@id":"https:\/\/kotobuki-international.com\/es\/#\/schema\/logo\/image\/","url":"https:\/\/kotobuki-international.com\/wp-content\/uploads\/2025\/07\/Kotobukli.png","contentUrl":"https:\/\/kotobuki-international.com\/wp-content\/uploads\/2025\/07\/Kotobukli.png","width":673,"height":622,"caption":"Kotobuki Seating Intl."},"image":{"@id":"https:\/\/kotobuki-international.com\/es\/#\/schema\/logo\/image\/"},"sameAs":["https:\/\/www.facebook.com\/SitwithKOTOBUKI","https:\/\/www.linkedin.com\/company\/kotobuki-seat"]}]}},"_links":{"self":[{"href":"https:\/\/kotobuki-international.com\/es\/wp-json\/wp\/v2\/pages\/17282","targetHints":{"allow":["GET"]}}],"collection":[{"href":"https:\/\/kotobuki-international.com\/es\/wp-json\/wp\/v2\/pages"}],"about":[{"href":"https:\/\/kotobuki-international.com\/es\/wp-json\/wp\/v2\/types\/page"}],"author":[{"embeddable":true,"href":"https:\/\/kotobuki-international.com\/es\/wp-json\/wp\/v2\/users\/1"}],"replies":[{"embeddable":true,"href":"https:\/\/kotobuki-international.com\/es\/wp-json\/wp\/v2\/comments?post=17282"}],"version-history":[{"count":0,"href":"https:\/\/kotobuki-international.com\/es\/wp-json\/wp\/v2\/pages\/17282\/revisions"}],"wp:attachment":[{"href":"https:\/\/kotobuki-international.com\/es\/wp-json\/wp\/v2\/media?parent=17282"}],"curies":[{"name":"wp","href":"https:\/\/api.w.org\/{rel}","templated":true}]}}