{"id":17294,"date":"2022-01-17T11:07:48","date_gmt":"2022-01-17T16:07:48","guid":{"rendered":"https:\/\/kotobuki-international.com\/politica-de-cookies\/"},"modified":"2022-12-14T11:19:14","modified_gmt":"2022-12-14T09:19:14","slug":"politica-de-cookies","status":"publish","type":"page","link":"https:\/\/kotobuki-international.com\/es\/politica-de-cookies\/","title":{"rendered":"Pol\u00edtica de cookies"},"content":{"rendered":"<p>[et_pb_section fb_built=\u00bb1&#8243; custom_padding_last_edited=\u00bbon|tablet\u00bb _builder_version=\u00bb4.18.0&#8243; custom_padding=\u00bb0px||||false|false\u00bb custom_padding_tablet=\u00bb|30px||30px|false|false\u00bb custom_padding_phone=\u00bb|30px||30px|false|false\u00bb global_colors_info=\u00bb{}\u00bb][et_pb_row custom_padding_last_edited=\u00bbon|tablet\u00bb admin_label=\u00bbMigas de pan\u00bb _builder_version=\u00bb4.18.0&#8243; _module_preset=\u00bbdefault\u00bb width=\u00bb100%\u00bb custom_padding=\u00bb||||false|false\u00bb custom_padding_tablet=\u00bb||0px||false|false\u00bb custom_padding_phone=\u00bb||0px||false|false\u00bb locked=\u00bboff\u00bb global_colors_info=\u00bb{}\u00bb][et_pb_column type=\u00bb4_4&#8243; _builder_version=\u00bb4.18.0&#8243; _module_preset=\u00bbdefault\u00bb global_colors_info=\u00bb{}\u00bb][et_pb_text _builder_version=\u00bb4.18.0&#8243; _module_preset=\u00bbdefault\u00bb text_font=\u00bbHelvetica||||||||\u00bb text_text_color=\u00bb#777777&#8243; text_font_size=\u00bb12px\u00bb link_text_color=\u00bb#777777&#8243; global_colors_info=\u00bb{}\u00bb]<\/p>\n<span><span><a href=\"https:\/\/kotobuki-international.com\/es\/\">Home<\/a><\/span><\/span>\n<p>[\/et_pb_text][\/et_pb_column][\/et_pb_row][et_pb_row _builder_version=\u00bb4.18.0&#8243; background_size=\u00bbinitial\u00bb background_position=\u00bbtop_left\u00bb background_repeat=\u00bbrepeat\u00bb width=\u00bb100%\u00bb global_colors_info=\u00bb{}\u00bb][et_pb_column type=\u00bb4_4&#8243; _builder_version=\u00bb4.16&#8243; custom_padding=\u00bb|||\u00bb global_colors_info=\u00bb{}\u00bb custom_padding__hover=\u00bb|||\u00bb][et_pb_text _builder_version=\u00bb4.19.2&#8243; background_size=\u00bbinitial\u00bb background_position=\u00bbtop_left\u00bb background_repeat=\u00bbrepeat\u00bb hover_enabled=\u00bb0&#8243; global_colors_info=\u00bb{}\u00bb sticky_enabled=\u00bb0&#8243;]<\/p>\n<h1>Pol\u00edtica de cookies<\/h1>\n<h3><\/h3>\n<h3>\u00bfQu\u00e9 son las cookies?<\/h3>\n<p>Las cookies son ficheros que se descargan en su ordenador al acceder a determinadas p\u00e1ginas web. Las cookies permiten que un sitio web almacene y recupere informaci\u00f3n sobre los h\u00e1bitos de navegaci\u00f3n de un usuario o de una computadora y, dependiendo de la informaci\u00f3n que contengan y de c\u00f3mo use su computadora, pueden usarse para reconocer al usuario. El navegador del usuario almacena cookies en el disco duro \u00fanicamente durante la sesi\u00f3n actual, ocupando un espacio m\u00ednimo de memoria y sin perjuidcar al ordenador.<\/p>\n<p>La mayor\u00eda de los navegadores aceptan como est\u00e1ndar a las cookies y, con independencia de ello, permiten o impiden en los ajustes de seguridad las cookies temporales o memorizadas. Sin su expreso consentimiento \u2013mediante la activaci\u00f3n de las cookies en su navegador este sitio\u2013 no enlazar\u00e1 los datos memorizados en las cookies con sus datos personales proporcionados en el momento del registro.<\/p>\n<h3>\u00bfQu\u00e9 tipos de cookies utiliza este sitio web?<\/h3>\n<p><strong>Cookies t\u00e9cnicas<\/strong>: Permitir al usuario la navegaci\u00f3n a trav\u00e9s de un sitio web, plataforma o aplicaci\u00f3n y la utilizaci\u00f3n de las diferentes opciones o servicios que en ella existan como, por ejemplo, controlar el tr\u00e1fico y la comunicaci\u00f3n de datos, identificar la sesi\u00f3n, acceder a partes de acceso restringido, recordar los elementos que formular un pedido, realizar el proceso de compra de un pedido, solicitar la inscripci\u00f3n o participaci\u00f3n en un evento, utilizar elementos de seguridad durante la navegaci\u00f3n, almacenar contenidos para la difusi\u00f3n de videos o sonido o compartir contenidos a trav\u00e9s de redes sociales.<\/p>\n<p><strong>Cookies de personalizaci\u00f3n<\/strong>: Permiten al usuario acceder al servicio con algunas caracter\u00edsticas de car\u00e1cter general predefinidas en funci\u00f3n de una serie de criterios en el terminal del usuario como por ejemplo serian el idioma, el tipo de navegador a trav\u00e9s del cual accede al servicio, la configuraci\u00f3n regional desde donde accede al servicio, etc<\/p>\n<p><strong>Cookies de an\u00e1lisis<\/strong>: Nos permiten cuantificar el n\u00famero de usuarios y as\u00ed realizar la medici\u00f3n y an\u00e1lisis estad\u00edstico de la utilizaci\u00f3n que hacen los usuarios del servicio ofertado. Para ello se analiza su navegaci\u00f3n en nuestra p\u00e1gina web para mejorar la oferta de productos o servicios que le ofrecemos.<\/p>\n<p><strong>Cookies publicitarias<\/strong>: Nos permiten gestionar la oferta de espacios publicitarios del sitio web de la forma m\u00e1s eficaz posible, adecuando el contenido del anuncio al contenido del servicio solicitado o al uso que realice de nuestro sitio web. Para ello podemos analizar sus h\u00e1bitos de navegaci\u00f3n en Internet y podemos mostrarle publicidad relacionada con su perfil de navegaci\u00f3n.<\/p>\n<p><strong>Cookies de publicidad comportamental<\/strong>: Permiten la gesti\u00f3n, de la forma m\u00e1s eficaz posible, de los espacios publicitarios que, en su caso, el editor haya incluido en una p\u00e1gina web, aplicaci\u00f3n o plataforma desde la que presta el servicio solicitado. Estas cookies almacenan informaci\u00f3n del comportamiento de los usuarios obtenida a trav\u00e9s de la observaci\u00f3n continuada de sus h\u00e1bitos de navegaci\u00f3n, lo que permite desarrollar un perfil espec\u00edfico para mostrar publicidad en funci\u00f3n del mismo.<\/p>\n<p><strong>Cookies de terceros<\/strong>: Este sitio web puede utilizar servicios de terceros que recopilar\u00e1n informaci\u00f3n con fines estad\u00edsticos, de uso del Site por parte del usuario y para la prestaci\u00f3n de otros servicios relacionados con la actividad del Website y otros servicios de Internet.<\/p>\n<p>M\u00e1s espec\u00edficamente, los usos del sitio web de KSI<\/p>\n<p><strong>Cookies de Google Analytics<\/strong>: se utilizan para analizar y medir el uso que hacen los visitantes de este sitio web. La informaci\u00f3n se utiliza para producir informes que permiten mejorar este sitio. Estas cookies recopilan informaci\u00f3n de forma an\u00f3nima, incluida la cantidad de visitantes del sitio, c\u00f3mo llegaron al sitio y las p\u00e1ginas que visitaron mientras estaban en nuestro sitio web.<\/p>\n<p><strong>Cookies de redes sociales<\/strong>: Nuestro sitio web incluye botones que los usuarios pueden utilizar para enlazar y compartir determinados contenidos en redes sociales como Facebook, Twitter, LinkedIn o Instagram. Esta funcionalidad implica el uso de cookies que enlazan con las p\u00e1ginas web de estas redes sociales, almacenando la informaci\u00f3n \u00fanicamente en ellas.<\/p>\n<p><strong>Otras cookies de personalizaci\u00f3n<\/strong>: Estas cookies permiten al usuario especificar o personalizar determinadas caracter\u00edsticas de las opciones generales del sitio web. Por ejemplo, para definir el idioma, la configuraci\u00f3n regional o el tipo de navegador.<\/p>\n<p>Recuerda que puedes permitir, bloquear o eliminar las cookies instaladas en tu equipo mediante la configuraci\u00f3n de las opciones del navegador instalado en tu ordenador.<\/p>\n<p>Si tiene alguna duda acerca de nuestra pol\u00edtica de cookies, puede contactar con nosotros aqu\u00ed.<\/p>\n<p>[\/et_pb_text][\/et_pb_column][\/et_pb_row][\/et_pb_section]<\/p>\n","protected":false},"excerpt":{"rendered":"<p><span><span><a href=\"https:\/\/kotobuki-international.com\/es\/\">Home<\/a><\/span><\/span>Pol\u00edtica de cookies \u00bfQu\u00e9 son las cookies? Las cookies son ficheros que se descargan en su ordenador al acceder a determinadas p\u00e1ginas web. Las cookies permiten que un sitio web almacene y recupere informaci\u00f3n sobre los h\u00e1bitos de navegaci\u00f3n de un usuario o de una computadora y, dependiendo de la informaci\u00f3n que contengan y de [&hellip;]<\/p>\n","protected":false},"author":1,"featured_media":0,"parent":0,"menu_order":101,"comment_status":"closed","ping_status":"closed","template":"","meta":{"_acf_changed":false,"_et_pb_use_builder":"on","_et_pb_old_content":"","_et_gb_content_width":"","footnotes":""},"class_list":["post-17294","page","type-page","status-publish","hentry"],"acf":[],"yoast_head":"<!-- This site is optimized with the Yoast SEO plugin v27.4 - https:\/\/yoast.com\/product\/yoast-seo-wordpress\/ -->\n<title>Pol\u00edtica de cookies - Kotobuki Seating Intl.<\/title>\n<meta name=\"robots\" content=\"index, follow, max-snippet:-1, max-image-preview:large, max-video-preview:-1\" \/>\n<link rel=\"canonical\" href=\"https:\/\/kotobuki-international.com\/es\/politica-de-cookies\/\" \/>\n<meta property=\"og:locale\" content=\"es_ES\" \/>\n<meta property=\"og:type\" content=\"article\" \/>\n<meta property=\"og:title\" content=\"Pol\u00edtica de cookies - Kotobuki Seating Intl.\" \/>\n<meta property=\"og:description\" content=\"Pol\u00edtica de cookies \u00bfQu\u00e9 son las cookies? Las cookies son ficheros que se descargan en su ordenador al acceder a determinadas p\u00e1ginas web. Las cookies permiten que un sitio web almacene y recupere informaci\u00f3n sobre los h\u00e1bitos de navegaci\u00f3n de un usuario o de una computadora y, dependiendo de la informaci\u00f3n que contengan y de [&hellip;]\" \/>\n<meta property=\"og:url\" content=\"https:\/\/kotobuki-international.com\/es\/politica-de-cookies\/\" \/>\n<meta property=\"og:site_name\" content=\"Kotobuki Seating Intl.\" \/>\n<meta property=\"article:publisher\" content=\"https:\/\/www.facebook.com\/SitwithKOTOBUKI\" \/>\n<meta property=\"article:modified_time\" content=\"2022-12-14T09:19:14+00:00\" \/>\n<meta name=\"twitter:card\" content=\"summary_large_image\" \/>\n<meta name=\"twitter:label1\" content=\"Tiempo de lectura\" \/>\n\t<meta name=\"twitter:data1\" content=\"5 minutos\" \/>\n<script type=\"application\/ld+json\" class=\"yoast-schema-graph\">{\"@context\":\"https:\\\/\\\/schema.org\",\"@graph\":[{\"@type\":\"WebPage\",\"@id\":\"https:\\\/\\\/kotobuki-international.com\\\/es\\\/politica-de-cookies\\\/\",\"url\":\"https:\\\/\\\/kotobuki-international.com\\\/es\\\/politica-de-cookies\\\/\",\"name\":\"Pol\u00edtica de cookies - Kotobuki Seating Intl.\",\"isPartOf\":{\"@id\":\"https:\\\/\\\/kotobuki-international.com\\\/es\\\/#website\"},\"datePublished\":\"2022-01-17T16:07:48+00:00\",\"dateModified\":\"2022-12-14T09:19:14+00:00\",\"breadcrumb\":{\"@id\":\"https:\\\/\\\/kotobuki-international.com\\\/es\\\/politica-de-cookies\\\/#breadcrumb\"},\"inLanguage\":\"es\",\"potentialAction\":[{\"@type\":\"ReadAction\",\"target\":[\"https:\\\/\\\/kotobuki-international.com\\\/es\\\/politica-de-cookies\\\/\"]}]},{\"@type\":\"BreadcrumbList\",\"@id\":\"https:\\\/\\\/kotobuki-international.com\\\/es\\\/politica-de-cookies\\\/#breadcrumb\",\"itemListElement\":[{\"@type\":\"ListItem\",\"position\":1,\"name\":\"Home\",\"item\":\"https:\\\/\\\/kotobuki-international.com\\\/es\\\/\"},{\"@type\":\"ListItem\",\"position\":2,\"name\":\"Pol\u00edtica de cookies\"}]},{\"@type\":\"WebSite\",\"@id\":\"https:\\\/\\\/kotobuki-international.com\\\/es\\\/#website\",\"url\":\"https:\\\/\\\/kotobuki-international.com\\\/es\\\/\",\"name\":\"Kotobuki Seating Intl.\",\"description\":\"Seating Solutions for Global Communities\",\"publisher\":{\"@id\":\"https:\\\/\\\/kotobuki-international.com\\\/es\\\/#organization\"},\"potentialAction\":[{\"@type\":\"SearchAction\",\"target\":{\"@type\":\"EntryPoint\",\"urlTemplate\":\"https:\\\/\\\/kotobuki-international.com\\\/es\\\/?s={search_term_string}\"},\"query-input\":{\"@type\":\"PropertyValueSpecification\",\"valueRequired\":true,\"valueName\":\"search_term_string\"}}],\"inLanguage\":\"es\"},{\"@type\":\"Organization\",\"@id\":\"https:\\\/\\\/kotobuki-international.com\\\/es\\\/#organization\",\"name\":\"Kotobuki Seating Intl.\",\"url\":\"https:\\\/\\\/kotobuki-international.com\\\/es\\\/\",\"logo\":{\"@type\":\"ImageObject\",\"inLanguage\":\"es\",\"@id\":\"https:\\\/\\\/kotobuki-international.com\\\/es\\\/#\\\/schema\\\/logo\\\/image\\\/\",\"url\":\"https:\\\/\\\/kotobuki-international.com\\\/wp-content\\\/uploads\\\/2025\\\/07\\\/Kotobukli.png\",\"contentUrl\":\"https:\\\/\\\/kotobuki-international.com\\\/wp-content\\\/uploads\\\/2025\\\/07\\\/Kotobukli.png\",\"width\":673,\"height\":622,\"caption\":\"Kotobuki Seating Intl.\"},\"image\":{\"@id\":\"https:\\\/\\\/kotobuki-international.com\\\/es\\\/#\\\/schema\\\/logo\\\/image\\\/\"},\"sameAs\":[\"https:\\\/\\\/www.facebook.com\\\/SitwithKOTOBUKI\",\"https:\\\/\\\/www.linkedin.com\\\/company\\\/kotobuki-seat\"]}]}<\/script>\n<!-- \/ Yoast SEO plugin. -->","yoast_head_json":{"title":"Pol\u00edtica de cookies - Kotobuki Seating Intl.","robots":{"index":"index","follow":"follow","max-snippet":"max-snippet:-1","max-image-preview":"max-image-preview:large","max-video-preview":"max-video-preview:-1"},"canonical":"https:\/\/kotobuki-international.com\/es\/politica-de-cookies\/","og_locale":"es_ES","og_type":"article","og_title":"Pol\u00edtica de cookies - Kotobuki Seating Intl.","og_description":"Pol\u00edtica de cookies \u00bfQu\u00e9 son las cookies? Las cookies son ficheros que se descargan en su ordenador al acceder a determinadas p\u00e1ginas web. Las cookies permiten que un sitio web almacene y recupere informaci\u00f3n sobre los h\u00e1bitos de navegaci\u00f3n de un usuario o de una computadora y, dependiendo de la informaci\u00f3n que contengan y de [&hellip;]","og_url":"https:\/\/kotobuki-international.com\/es\/politica-de-cookies\/","og_site_name":"Kotobuki Seating Intl.","article_publisher":"https:\/\/www.facebook.com\/SitwithKOTOBUKI","article_modified_time":"2022-12-14T09:19:14+00:00","twitter_card":"summary_large_image","twitter_misc":{"Tiempo de lectura":"5 minutos"},"schema":{"@context":"https:\/\/schema.org","@graph":[{"@type":"WebPage","@id":"https:\/\/kotobuki-international.com\/es\/politica-de-cookies\/","url":"https:\/\/kotobuki-international.com\/es\/politica-de-cookies\/","name":"Pol\u00edtica de cookies - Kotobuki Seating Intl.","isPartOf":{"@id":"https:\/\/kotobuki-international.com\/es\/#website"},"datePublished":"2022-01-17T16:07:48+00:00","dateModified":"2022-12-14T09:19:14+00:00","breadcrumb":{"@id":"https:\/\/kotobuki-international.com\/es\/politica-de-cookies\/#breadcrumb"},"inLanguage":"es","potentialAction":[{"@type":"ReadAction","target":["https:\/\/kotobuki-international.com\/es\/politica-de-cookies\/"]}]},{"@type":"BreadcrumbList","@id":"https:\/\/kotobuki-international.com\/es\/politica-de-cookies\/#breadcrumb","itemListElement":[{"@type":"ListItem","position":1,"name":"Home","item":"https:\/\/kotobuki-international.com\/es\/"},{"@type":"ListItem","position":2,"name":"Pol\u00edtica de cookies"}]},{"@type":"WebSite","@id":"https:\/\/kotobuki-international.com\/es\/#website","url":"https:\/\/kotobuki-international.com\/es\/","name":"Kotobuki Seating Intl.","description":"Seating Solutions for Global Communities","publisher":{"@id":"https:\/\/kotobuki-international.com\/es\/#organization"},"potentialAction":[{"@type":"SearchAction","target":{"@type":"EntryPoint","urlTemplate":"https:\/\/kotobuki-international.com\/es\/?s={search_term_string}"},"query-input":{"@type":"PropertyValueSpecification","valueRequired":true,"valueName":"search_term_string"}}],"inLanguage":"es"},{"@type":"Organization","@id":"https:\/\/kotobuki-international.com\/es\/#organization","name":"Kotobuki Seating Intl.","url":"https:\/\/kotobuki-international.com\/es\/","logo":{"@type":"ImageObject","inLanguage":"es","@id":"https:\/\/kotobuki-international.com\/es\/#\/schema\/logo\/image\/","url":"https:\/\/kotobuki-international.com\/wp-content\/uploads\/2025\/07\/Kotobukli.png","contentUrl":"https:\/\/kotobuki-international.com\/wp-content\/uploads\/2025\/07\/Kotobukli.png","width":673,"height":622,"caption":"Kotobuki Seating Intl."},"image":{"@id":"https:\/\/kotobuki-international.com\/es\/#\/schema\/logo\/image\/"},"sameAs":["https:\/\/www.facebook.com\/SitwithKOTOBUKI","https:\/\/www.linkedin.com\/company\/kotobuki-seat"]}]}},"_links":{"self":[{"href":"https:\/\/kotobuki-international.com\/es\/wp-json\/wp\/v2\/pages\/17294","targetHints":{"allow":["GET"]}}],"collection":[{"href":"https:\/\/kotobuki-international.com\/es\/wp-json\/wp\/v2\/pages"}],"about":[{"href":"https:\/\/kotobuki-international.com\/es\/wp-json\/wp\/v2\/types\/page"}],"author":[{"embeddable":true,"href":"https:\/\/kotobuki-international.com\/es\/wp-json\/wp\/v2\/users\/1"}],"replies":[{"embeddable":true,"href":"https:\/\/kotobuki-international.com\/es\/wp-json\/wp\/v2\/comments?post=17294"}],"version-history":[{"count":0,"href":"https:\/\/kotobuki-international.com\/es\/wp-json\/wp\/v2\/pages\/17294\/revisions"}],"wp:attachment":[{"href":"https:\/\/kotobuki-international.com\/es\/wp-json\/wp\/v2\/media?parent=17294"}],"curies":[{"name":"wp","href":"https:\/\/api.w.org\/{rel}","templated":true}]}}