{"id":17389,"date":"2021-04-01T11:10:06","date_gmt":"2021-04-01T15:10:06","guid":{"rendered":"https:\/\/kotobuki-international.com\/sobre-nosotros\/"},"modified":"2023-01-16T18:39:50","modified_gmt":"2023-01-16T16:39:50","slug":"sobre-nosotros","status":"publish","type":"page","link":"https:\/\/kotobuki-international.com\/es\/sobre-nosotros\/","title":{"rendered":"Sobre nosotros"},"content":{"rendered":"<p>[et_pb_section fb_built=\u00bb1&#8243; custom_padding_last_edited=\u00bbon|tablet\u00bb _builder_version=\u00bb4.16&#8243; custom_padding=\u00bb0px||||false|false\u00bb custom_padding_tablet=\u00bb0px|30px||30px|false|false\u00bb custom_padding_phone=\u00bb0px|30px||30px|false|false\u00bb global_colors_info=\u00bb{}\u00bb][et_pb_row _builder_version=\u00bb4.16&#8243; background_size=\u00bbinitial\u00bb background_position=\u00bbtop_left\u00bb background_repeat=\u00bbrepeat\u00bb global_colors_info=\u00bb{}\u00bb][et_pb_column type=\u00bb4_4&#8243; _builder_version=\u00bb4.16&#8243; custom_padding=\u00bb|||\u00bb global_colors_info=\u00bb{}\u00bb custom_padding__hover=\u00bb|||\u00bb][et_pb_text _builder_version=\u00bb4.18.0&#8243; _module_preset=\u00bbdefault\u00bb text_font=\u00bbHelvetica||||||||\u00bb text_text_color=\u00bb#777777&#8243; text_font_size=\u00bb12px\u00bb link_text_color=\u00bb#777777&#8243; locked=\u00bboff\u00bb global_colors_info=\u00bb{}\u00bb]<\/p>\n<span><span><a href=\"https:\/\/kotobuki-international.com\/es\/\">Home<\/a><\/span><\/span>\n<p>[\/et_pb_text][\/et_pb_column][\/et_pb_row][et_pb_row _builder_version=\u00bb4.18.0&#8243; _module_preset=\u00bbdefault\u00bb width=\u00bb100%\u00bb module_alignment=\u00bbcenter\u00bb global_colors_info=\u00bb{}\u00bb][et_pb_column type=\u00bb4_4&#8243; _builder_version=\u00bb4.18.0&#8243; _module_preset=\u00bbdefault\u00bb global_colors_info=\u00bb{}\u00bb][et_pb_text _builder_version=\u00bb4.19.2&#8243; _module_preset=\u00bbdefault\u00bb header_font=\u00bbHelvetica||||||||\u00bb custom_margin=\u00bb||-2px|||\u00bb global_colors_info=\u00bb{}\u00bb]<\/p>\n<h1>Sobre nosotros<\/h1>\n<p>[\/et_pb_text][et_pb_text _builder_version=\u00bb4.19.4&#8243; _module_preset=\u00bbdefault\u00bb hover_enabled=\u00bb0&#8243; global_colors_info=\u00bb{}\u00bb sticky_enabled=\u00bb0&#8243;]<\/p>\n<p>El espacio p\u00fablico ideal para KOTOBUKI SEATING es aquel que todos puedan disfrutar, que sea seguro y que perdure durante generaciones.<strong> \u00abCrear espacios confortables que todos puedan disfrutar\u00bb ha sido la filosof\u00eda que ha guiado la actividad de KOTOBUKI SEATING desde sus inicios.<\/strong> Para ello, la seguridad y la calidad son esenciales. Como creador de espacios p\u00fablicos de reuni\u00f3n, la misi\u00f3n de KOTOBUKI SEATING es satisfacer los requisitos relacionados con la resistencia, durabilidad, comodidad y seguridad de los asientos, con los mejores acabados.<br \/>Los asientos de alta calidad son indispensables en espacios p\u00fablicos como auditorios y teatros, donde personas de distintos or\u00edgenes comparten la misma actividad; en arenas y estadios, donde comparten la misma pasi\u00f3n; y en instalaciones educativas, donde la ergonom\u00eda es esencial para la educaci\u00f3n de la pr\u00f3xima generaci\u00f3n. La necesidad de asientos duraderos y seguros es universal. <strong>KOTOBUKI SEATING crea asientos c\u00f3modos con la convicci\u00f3n de que \u00abla tranquilidad es la base del bienestar\u00bb.<\/strong> Tanto el espacio como el equipamiento est\u00e1n directamente relacionados con la calidad y la comodidad que experimenta el espectador cuando asiste a un acto cultural o social. La nuestra es una forma evolucionada de excelencia.<br \/>Cuando se fund\u00f3 KOTOBUKI SEATING en 1914, el comercio internacional y la importaci\u00f3n de productos europeos eran la \u00fanica forma de satisfacer las necesidades del pueblo japon\u00e9s en este \u00e1mbito. Con el desarrollo y fabricaci\u00f3n de asientos para la Universidad de Tokio y el Hotel Imperial, con el m\u00e1s alto nivel de acabado, confort, dise\u00f1o y durabilidad, naci\u00f3 la filosof\u00eda de KOTOBUKI SEATING, que ha permitido a una empresa creada en Jap\u00f3n crecer con orden y serenidad, hasta convertirse en el grupo de asientos m\u00e1s importante del mundo, dedicado al dise\u00f1o y fabricaci\u00f3n de asientos para espacios p\u00fablicos. En la actualidad, la cuarta generaci\u00f3n de la familia FUKASAWA sigue trabajando en la empresa con el compromiso de la mejora continua de sus soluciones t\u00e9cnicas y de producci\u00f3n.<br \/><strong>A principios de los a\u00f1os 50, KOTOBUKI SEATING fue pionera en el dise\u00f1o y fabricaci\u00f3n de gradas telesc\u00f3picas y asientos adaptados a las mismas<\/strong>, en respuesta a la necesidad de rentabilizar el espacio y como consecuencia del elevado coste de la propiedad inmobiliaria en Jap\u00f3n. Una soluci\u00f3n que permit\u00eda diferentes usos en un mismo espacio. La tribuna telesc\u00f3pica fue introducida por KOTOBUKI SEATING en Europa a principios de los a\u00f1os 80, aunque no se populariz\u00f3 como soluci\u00f3n hasta aproximadamente 15 a\u00f1os despu\u00e9s. Hoy en d\u00eda, los sistemas de salas polivalentes han evolucionado hacia un espectro m\u00e1s amplio de soluciones, no s\u00f3lo en el \u00e1mbito cultural, sino tambi\u00e9n en la aplicaci\u00f3n de estos sistemas en otras \u00e1reas como la educaci\u00f3n, los centros de conferencias y las instalaciones deportivas. Soluciones totalmente automatizadas que incorporan lo mejor de las tecnolog\u00edas aplicables en su funcionamiento, con el objetivo de conseguir productos seguros y duraderos que, adem\u00e1s, sean f\u00e1ciles de manejar.<\/p>\n<p>[\/et_pb_text][et_pb_image src=\u00bbhttps:\/\/kotobuki-international.com\/wp-content\/uploads\/2022\/12\/18836858_1346970065424232_101095442770415361_o.jpeg\u00bb title_text=\u00bb18836858_1346970065424232_101095442770415361_o\u00bb show_in_lightbox=\u00bbon\u00bb align=\u00bbcenter\u00bb force_fullwidth=\u00bbon\u00bb _builder_version=\u00bb4.19.2&#8243; _module_preset=\u00bbdefault\u00bb global_colors_info=\u00bb{}\u00bb][\/et_pb_image][et_pb_image src=\u00bbhttps:\/\/kotobuki-international.com\/wp-content\/uploads\/2022\/12\/04374_muzakawasaki-sym-hall_0012.jpeg\u00bb title_text=\u00bb04374_muzakawasaki-sym-hall_0012&#8243; show_in_lightbox=\u00bbon\u00bb align=\u00bbcenter\u00bb force_fullwidth=\u00bbon\u00bb _builder_version=\u00bb4.19.2&#8243; _module_preset=\u00bbdefault\u00bb global_colors_info=\u00bb{}\u00bb][\/et_pb_image][\/et_pb_column][\/et_pb_row][\/et_pb_section]<\/p>\n","protected":false},"excerpt":{"rendered":"<p><span><span><a href=\"https:\/\/kotobuki-international.com\/es\/\">Home<\/a><\/span><\/span>Sobre nosotrosEl espacio p\u00fablico ideal para KOTOBUKI SEATING es aquel que todos puedan disfrutar, que sea seguro y que perdure durante generaciones. \u00abCrear espacios confortables que todos puedan disfrutar\u00bb ha sido la filosof\u00eda que ha guiado la actividad de KOTOBUKI SEATING desde sus inicios. Para ello, la seguridad y la calidad son esenciales. Como creador [&hellip;]<\/p>\n","protected":false},"author":1,"featured_media":0,"parent":0,"menu_order":61,"comment_status":"closed","ping_status":"closed","template":"","meta":{"_acf_changed":false,"_et_pb_use_builder":"on","_et_pb_old_content":"","_et_gb_content_width":"","footnotes":""},"class_list":["post-17389","page","type-page","status-publish","hentry"],"acf":[],"yoast_head":"<!-- This site is optimized with the Yoast SEO plugin v27.3 - https:\/\/yoast.com\/product\/yoast-seo-wordpress\/ -->\n<title>Sobre nosotros - Kotobuki Seating Intl.<\/title>\n<meta name=\"robots\" content=\"index, follow, max-snippet:-1, max-image-preview:large, max-video-preview:-1\" \/>\n<link rel=\"canonical\" href=\"https:\/\/kotobuki-international.com\/es\/sobre-nosotros\/\" \/>\n<meta property=\"og:locale\" content=\"es_ES\" \/>\n<meta property=\"og:type\" content=\"article\" \/>\n<meta property=\"og:title\" content=\"Sobre nosotros - Kotobuki Seating Intl.\" \/>\n<meta property=\"og:description\" content=\"Sobre nosotrosEl espacio p\u00fablico ideal para KOTOBUKI SEATING es aquel que todos puedan disfrutar, que sea seguro y que perdure durante generaciones. &quot;Crear espacios confortables que todos puedan disfrutar&quot; ha sido la filosof\u00eda que ha guiado la actividad de KOTOBUKI SEATING desde sus inicios. Para ello, la seguridad y la calidad son esenciales. Como creador [&hellip;]\" \/>\n<meta property=\"og:url\" content=\"https:\/\/kotobuki-international.com\/es\/sobre-nosotros\/\" \/>\n<meta property=\"og:site_name\" content=\"Kotobuki Seating Intl.\" \/>\n<meta property=\"article:publisher\" content=\"https:\/\/www.facebook.com\/SitwithKOTOBUKI\" \/>\n<meta property=\"article:modified_time\" content=\"2023-01-16T16:39:50+00:00\" \/>\n<meta name=\"twitter:card\" content=\"summary_large_image\" \/>\n<meta name=\"twitter:label1\" content=\"Tiempo de lectura\" \/>\n\t<meta name=\"twitter:data1\" content=\"4 minutos\" \/>\n<script type=\"application\/ld+json\" class=\"yoast-schema-graph\">{\"@context\":\"https:\\\/\\\/schema.org\",\"@graph\":[{\"@type\":\"WebPage\",\"@id\":\"https:\\\/\\\/kotobuki-international.com\\\/es\\\/sobre-nosotros\\\/\",\"url\":\"https:\\\/\\\/kotobuki-international.com\\\/es\\\/sobre-nosotros\\\/\",\"name\":\"Sobre nosotros - Kotobuki Seating Intl.\",\"isPartOf\":{\"@id\":\"https:\\\/\\\/kotobuki-international.com\\\/es\\\/#website\"},\"datePublished\":\"2021-04-01T15:10:06+00:00\",\"dateModified\":\"2023-01-16T16:39:50+00:00\",\"breadcrumb\":{\"@id\":\"https:\\\/\\\/kotobuki-international.com\\\/es\\\/sobre-nosotros\\\/#breadcrumb\"},\"inLanguage\":\"es\",\"potentialAction\":[{\"@type\":\"ReadAction\",\"target\":[\"https:\\\/\\\/kotobuki-international.com\\\/es\\\/sobre-nosotros\\\/\"]}]},{\"@type\":\"BreadcrumbList\",\"@id\":\"https:\\\/\\\/kotobuki-international.com\\\/es\\\/sobre-nosotros\\\/#breadcrumb\",\"itemListElement\":[{\"@type\":\"ListItem\",\"position\":1,\"name\":\"Home\",\"item\":\"https:\\\/\\\/kotobuki-international.com\\\/es\\\/\"},{\"@type\":\"ListItem\",\"position\":2,\"name\":\"Empresa \u00bb Sobre nosotros\"}]},{\"@type\":\"WebSite\",\"@id\":\"https:\\\/\\\/kotobuki-international.com\\\/es\\\/#website\",\"url\":\"https:\\\/\\\/kotobuki-international.com\\\/es\\\/\",\"name\":\"Kotobuki Seating Intl.\",\"description\":\"Seating Solutions for Global Communities\",\"publisher\":{\"@id\":\"https:\\\/\\\/kotobuki-international.com\\\/es\\\/#organization\"},\"potentialAction\":[{\"@type\":\"SearchAction\",\"target\":{\"@type\":\"EntryPoint\",\"urlTemplate\":\"https:\\\/\\\/kotobuki-international.com\\\/es\\\/?s={search_term_string}\"},\"query-input\":{\"@type\":\"PropertyValueSpecification\",\"valueRequired\":true,\"valueName\":\"search_term_string\"}}],\"inLanguage\":\"es\"},{\"@type\":\"Organization\",\"@id\":\"https:\\\/\\\/kotobuki-international.com\\\/es\\\/#organization\",\"name\":\"Kotobuki Seating Intl.\",\"url\":\"https:\\\/\\\/kotobuki-international.com\\\/es\\\/\",\"logo\":{\"@type\":\"ImageObject\",\"inLanguage\":\"es\",\"@id\":\"https:\\\/\\\/kotobuki-international.com\\\/es\\\/#\\\/schema\\\/logo\\\/image\\\/\",\"url\":\"https:\\\/\\\/kotobuki-international.com\\\/wp-content\\\/uploads\\\/2025\\\/07\\\/Kotobukli.png\",\"contentUrl\":\"https:\\\/\\\/kotobuki-international.com\\\/wp-content\\\/uploads\\\/2025\\\/07\\\/Kotobukli.png\",\"width\":673,\"height\":622,\"caption\":\"Kotobuki Seating Intl.\"},\"image\":{\"@id\":\"https:\\\/\\\/kotobuki-international.com\\\/es\\\/#\\\/schema\\\/logo\\\/image\\\/\"},\"sameAs\":[\"https:\\\/\\\/www.facebook.com\\\/SitwithKOTOBUKI\",\"https:\\\/\\\/www.linkedin.com\\\/company\\\/kotobuki-seat\"]}]}<\/script>\n<!-- \/ Yoast SEO plugin. -->","yoast_head_json":{"title":"Sobre nosotros - Kotobuki Seating Intl.","robots":{"index":"index","follow":"follow","max-snippet":"max-snippet:-1","max-image-preview":"max-image-preview:large","max-video-preview":"max-video-preview:-1"},"canonical":"https:\/\/kotobuki-international.com\/es\/sobre-nosotros\/","og_locale":"es_ES","og_type":"article","og_title":"Sobre nosotros - Kotobuki Seating Intl.","og_description":"Sobre nosotrosEl espacio p\u00fablico ideal para KOTOBUKI SEATING es aquel que todos puedan disfrutar, que sea seguro y que perdure durante generaciones. \"Crear espacios confortables que todos puedan disfrutar\" ha sido la filosof\u00eda que ha guiado la actividad de KOTOBUKI SEATING desde sus inicios. Para ello, la seguridad y la calidad son esenciales. Como creador [&hellip;]","og_url":"https:\/\/kotobuki-international.com\/es\/sobre-nosotros\/","og_site_name":"Kotobuki Seating Intl.","article_publisher":"https:\/\/www.facebook.com\/SitwithKOTOBUKI","article_modified_time":"2023-01-16T16:39:50+00:00","twitter_card":"summary_large_image","twitter_misc":{"Tiempo de lectura":"4 minutos"},"schema":{"@context":"https:\/\/schema.org","@graph":[{"@type":"WebPage","@id":"https:\/\/kotobuki-international.com\/es\/sobre-nosotros\/","url":"https:\/\/kotobuki-international.com\/es\/sobre-nosotros\/","name":"Sobre nosotros - Kotobuki Seating Intl.","isPartOf":{"@id":"https:\/\/kotobuki-international.com\/es\/#website"},"datePublished":"2021-04-01T15:10:06+00:00","dateModified":"2023-01-16T16:39:50+00:00","breadcrumb":{"@id":"https:\/\/kotobuki-international.com\/es\/sobre-nosotros\/#breadcrumb"},"inLanguage":"es","potentialAction":[{"@type":"ReadAction","target":["https:\/\/kotobuki-international.com\/es\/sobre-nosotros\/"]}]},{"@type":"BreadcrumbList","@id":"https:\/\/kotobuki-international.com\/es\/sobre-nosotros\/#breadcrumb","itemListElement":[{"@type":"ListItem","position":1,"name":"Home","item":"https:\/\/kotobuki-international.com\/es\/"},{"@type":"ListItem","position":2,"name":"Empresa \u00bb Sobre nosotros"}]},{"@type":"WebSite","@id":"https:\/\/kotobuki-international.com\/es\/#website","url":"https:\/\/kotobuki-international.com\/es\/","name":"Kotobuki Seating Intl.","description":"Seating Solutions for Global Communities","publisher":{"@id":"https:\/\/kotobuki-international.com\/es\/#organization"},"potentialAction":[{"@type":"SearchAction","target":{"@type":"EntryPoint","urlTemplate":"https:\/\/kotobuki-international.com\/es\/?s={search_term_string}"},"query-input":{"@type":"PropertyValueSpecification","valueRequired":true,"valueName":"search_term_string"}}],"inLanguage":"es"},{"@type":"Organization","@id":"https:\/\/kotobuki-international.com\/es\/#organization","name":"Kotobuki Seating Intl.","url":"https:\/\/kotobuki-international.com\/es\/","logo":{"@type":"ImageObject","inLanguage":"es","@id":"https:\/\/kotobuki-international.com\/es\/#\/schema\/logo\/image\/","url":"https:\/\/kotobuki-international.com\/wp-content\/uploads\/2025\/07\/Kotobukli.png","contentUrl":"https:\/\/kotobuki-international.com\/wp-content\/uploads\/2025\/07\/Kotobukli.png","width":673,"height":622,"caption":"Kotobuki Seating Intl."},"image":{"@id":"https:\/\/kotobuki-international.com\/es\/#\/schema\/logo\/image\/"},"sameAs":["https:\/\/www.facebook.com\/SitwithKOTOBUKI","https:\/\/www.linkedin.com\/company\/kotobuki-seat"]}]}},"_links":{"self":[{"href":"https:\/\/kotobuki-international.com\/es\/wp-json\/wp\/v2\/pages\/17389","targetHints":{"allow":["GET"]}}],"collection":[{"href":"https:\/\/kotobuki-international.com\/es\/wp-json\/wp\/v2\/pages"}],"about":[{"href":"https:\/\/kotobuki-international.com\/es\/wp-json\/wp\/v2\/types\/page"}],"author":[{"embeddable":true,"href":"https:\/\/kotobuki-international.com\/es\/wp-json\/wp\/v2\/users\/1"}],"replies":[{"embeddable":true,"href":"https:\/\/kotobuki-international.com\/es\/wp-json\/wp\/v2\/comments?post=17389"}],"version-history":[{"count":0,"href":"https:\/\/kotobuki-international.com\/es\/wp-json\/wp\/v2\/pages\/17389\/revisions"}],"wp:attachment":[{"href":"https:\/\/kotobuki-international.com\/es\/wp-json\/wp\/v2\/media?parent=17389"}],"curies":[{"name":"wp","href":"https:\/\/api.w.org\/{rel}","templated":true}]}}