{"id":18031,"date":"2022-10-25T09:09:16","date_gmt":"2022-10-25T13:09:16","guid":{"rendered":"https:\/\/kotobuki-international.com\/kotobuki-seating-group\/"},"modified":"2022-12-23T11:49:36","modified_gmt":"2022-12-23T09:49:36","slug":"kotobuki-seating-group","status":"publish","type":"page","link":"https:\/\/kotobuki-international.com\/es\/kotobuki-seating-group\/","title":{"rendered":"Kotobuki Seating Group"},"content":{"rendered":"<p>[et_pb_section fb_built=\u00bb1&#8243; custom_padding_last_edited=\u00bbon|tablet\u00bb admin_label=\u00bbsection\u00bb _builder_version=\u00bb4.18.0&#8243; custom_padding=\u00bb0px||||false|false\u00bb custom_padding_tablet=\u00bb0px|30px||30px|false|false\u00bb custom_padding_phone=\u00bb0px|30px||30px|false|false\u00bb global_colors_info=\u00bb{}\u00bb][et_pb_row custom_padding_last_edited=\u00bbon|tablet\u00bb admin_label=\u00bbMigas de pan\u00bb _builder_version=\u00bb4.18.0&#8243; _module_preset=\u00bbdefault\u00bb width=\u00bb100%\u00bb custom_padding=\u00bb||||false|false\u00bb custom_padding_tablet=\u00bb||0px||false|false\u00bb custom_padding_phone=\u00bb||0px||false|false\u00bb global_colors_info=\u00bb{}\u00bb][et_pb_column type=\u00bb4_4&#8243; _builder_version=\u00bb4.18.0&#8243; _module_preset=\u00bbdefault\u00bb global_colors_info=\u00bb{}\u00bb][et_pb_text _builder_version=\u00bb4.18.0&#8243; _module_preset=\u00bbdefault\u00bb text_font=\u00bbHelvetica||||||||\u00bb text_text_color=\u00bb#777777&#8243; text_font_size=\u00bb12px\u00bb link_text_color=\u00bb#777777&#8243; global_colors_info=\u00bb{}\u00bb]<\/p>\n<span><span><a href=\"https:\/\/kotobuki-international.com\/es\/\">Home<\/a><\/span><\/span>\n<p>[\/et_pb_text][\/et_pb_column][\/et_pb_row][et_pb_row _builder_version=\u00bb4.18.0&#8243; _module_preset=\u00bbdefault\u00bb width=\u00bb100%\u00bb module_alignment=\u00bbcenter\u00bb global_colors_info=\u00bb{}\u00bb][et_pb_column type=\u00bb4_4&#8243; _builder_version=\u00bb4.18.0&#8243; _module_preset=\u00bbdefault\u00bb global_colors_info=\u00bb{}\u00bb][et_pb_text _builder_version=\u00bb4.18.0&#8243; _module_preset=\u00bbdefault\u00bb header_font=\u00bbHelvetica||||||||\u00bb hover_enabled=\u00bb0&#8243; global_colors_info=\u00bb{}\u00bb custom_margin=\u00bb||0px|||\u00bb sticky_enabled=\u00bb0&#8243;]<\/p>\n<h1>Kotobuki Seating Group<\/h1>\n<p>[\/et_pb_text][et_pb_text _builder_version=\u00bb4.19.2&#8243; _module_preset=\u00bbdefault\u00bb hover_enabled=\u00bb0&#8243; global_colors_info=\u00bb{}\u00bb sticky_enabled=\u00bb0&#8243;]<\/p>\n<p><strong>El grupo KOTOBUKI ASIENTOS posee las mejores f\u00e1bricas del mundo, especializadas en el dise\u00f1o y fabricaci\u00f3n de asientos y sistemas.<\/strong> Un network industrial, con los est\u00e1ndares t\u00e9cnicos m\u00e1s altos, de calidad, garant\u00eda y seguridad, con centros productivos en Jap\u00f3n, USA, UK, Vietnam y Malasia.<\/p>\n<p>La experiencia nos ha ense\u00f1ado precisamente que la evoluci\u00f3n sigue siendo uno de los pilares b\u00e1sicos del negocio.<br \/>Mirar al futuro ha permitido a KOTOBUKI SEATING incorporar diferentes empresas al grupo en una estrategia integrada. Estas empresas, especializadas en el dise\u00f1o y fabricaci\u00f3n de asientos y sistemas polivalentes, han tejido el conglomerado de asientos m\u00e1s grande del mundo. <strong>Con una presencia cercana a todos nuestros clientes, KOTOBUKI SEATING cuenta con 6 centros de producci\u00f3n en todo el mundo, empleando a m\u00e1s de 1.000 personas.<\/strong><\/p>\n<p>La incorporaci\u00f3n de empresas como Interkal, Audience Systems, Quinette Gallay y Ferco ha orientado el desarrollo de productos hacia un alcance m\u00e1s global, dotando al grupo de una visi\u00f3n m\u00e1s universal. <strong>KOTOBUKI SEATING, nace para atender el mercado norteamericano y con la intenci\u00f3n de promover el desarrollo de nuevas soluciones que ampl\u00eden y renueven la gama de productos del grupo.<\/strong><\/p>\n<p>&nbsp;<\/p>\n<p><span><strong>TOKYO \u2013 Kotobuki Japan<\/strong> \/Kotobuki Seating Group\/ <a href=\"http:\/\/kotobuki-seating.co.jp\/\">kotobuki-seating.co.jp<\/a><\/span><\/p>\n<p><span><strong>MALAYSIA \u2013 Ferco Seating<\/strong> \/Kotobuki Seating Group\/ <a href=\"https:\/\/www.fercoseating.com\/\">fercoseating.com<\/a><\/span><\/p>\n<p><span><strong>LONDON \u2013 Audience Systems<\/strong> \/Kotobuki Seating Group\/ <a href=\"https:\/\/www.audiencesystems.com\/\">audiencesystems.com<\/a><\/span><\/p>\n<p><span><strong>PARIS \u2013 Quinette Gallay<\/strong> \/Kotobuki Seating Group\/ <a href=\"http:\/\/www.quinette.fr\/\">quinette.fr<\/a> <\/span><\/p>\n<p><span><strong>USA \u2013 Interkal<\/strong> \/Kotobuki Seating Group\/ <a href=\"https:\/\/www.interkal.com\/\">interkal.com<\/a><\/span><\/p>\n<p><span><strong>BARCELONA \u2013 K+ Kotobuki Seating Espa\u00f1a <\/strong>\/Kotobuki Seating Group\/ <a href=\"https:\/\/kplusseating.com\">kplusseating.com<\/a><\/span><\/p>\n<p>[\/et_pb_text][et_pb_image src=\u00bbhttps:\/\/kotobuki-international.com\/wp-content\/uploads\/2022\/12\/KMap_KSI.png\u00bb title_text=\u00bbKMap_KSI\u00bb show_in_lightbox=\u00bbon\u00bb align=\u00bbcenter\u00bb force_fullwidth=\u00bbon\u00bb _builder_version=\u00bb4.19.2&#8243; _module_preset=\u00bbdefault\u00bb global_colors_info=\u00bb{}\u00bb][\/et_pb_image][et_pb_image src=\u00bbhttps:\/\/kotobuki-international.com\/wp-content\/uploads\/2022\/11\/Logos-Grup.png\u00bb title_text=\u00bbLogos-Grup\u00bb show_in_lightbox=\u00bbon\u00bb align=\u00bbcenter\u00bb force_fullwidth=\u00bbon\u00bb _builder_version=\u00bb4.19.1&#8243; _module_preset=\u00bbdefault\u00bb global_colors_info=\u00bb{}\u00bb][\/et_pb_image][\/et_pb_column][\/et_pb_row][\/et_pb_section]<\/p>\n","protected":false},"excerpt":{"rendered":"<p><span><span><a href=\"https:\/\/kotobuki-international.com\/es\/\">Home<\/a><\/span><\/span>Kotobuki Seating GroupEl grupo KOTOBUKI ASIENTOS posee las mejores f\u00e1bricas del mundo, especializadas en el dise\u00f1o y fabricaci\u00f3n de asientos y sistemas. Un network industrial, con los est\u00e1ndares t\u00e9cnicos m\u00e1s altos, de calidad, garant\u00eda y seguridad, con centros productivos en Jap\u00f3n, USA, UK, Vietnam y Malasia. La experiencia nos ha ense\u00f1ado precisamente que la evoluci\u00f3n [&hellip;]<\/p>\n","protected":false},"author":1,"featured_media":0,"parent":0,"menu_order":63,"comment_status":"closed","ping_status":"closed","template":"","meta":{"_acf_changed":false,"_et_pb_use_builder":"on","_et_pb_old_content":"","_et_gb_content_width":"","footnotes":""},"class_list":["post-18031","page","type-page","status-publish","hentry"],"acf":[],"yoast_head":"<!-- This site is optimized with the Yoast SEO plugin v27.4 - https:\/\/yoast.com\/product\/yoast-seo-wordpress\/ -->\n<title>Kotobuki Seating Group - Kotobuki Seating Intl.<\/title>\n<meta name=\"robots\" content=\"index, follow, max-snippet:-1, max-image-preview:large, max-video-preview:-1\" \/>\n<link rel=\"canonical\" href=\"https:\/\/kotobuki-international.com\/es\/kotobuki-seating-group\/\" \/>\n<meta property=\"og:locale\" content=\"es_ES\" \/>\n<meta property=\"og:type\" content=\"article\" \/>\n<meta property=\"og:title\" content=\"Kotobuki Seating Group - Kotobuki Seating Intl.\" \/>\n<meta property=\"og:description\" content=\"Kotobuki Seating GroupEl grupo KOTOBUKI ASIENTOS posee las mejores f\u00e1bricas del mundo, especializadas en el dise\u00f1o y fabricaci\u00f3n de asientos y sistemas. Un network industrial, con los est\u00e1ndares t\u00e9cnicos m\u00e1s altos, de calidad, garant\u00eda y seguridad, con centros productivos en Jap\u00f3n, USA, UK, Vietnam y Malasia. La experiencia nos ha ense\u00f1ado precisamente que la evoluci\u00f3n [&hellip;]\" \/>\n<meta property=\"og:url\" content=\"https:\/\/kotobuki-international.com\/es\/kotobuki-seating-group\/\" \/>\n<meta property=\"og:site_name\" content=\"Kotobuki Seating Intl.\" \/>\n<meta property=\"article:publisher\" content=\"https:\/\/www.facebook.com\/SitwithKOTOBUKI\" \/>\n<meta property=\"article:modified_time\" content=\"2022-12-23T09:49:36+00:00\" \/>\n<meta name=\"twitter:card\" content=\"summary_large_image\" \/>\n<meta name=\"twitter:label1\" content=\"Tiempo de lectura\" \/>\n\t<meta name=\"twitter:data1\" content=\"3 minutos\" \/>\n<script type=\"application\/ld+json\" class=\"yoast-schema-graph\">{\"@context\":\"https:\\\/\\\/schema.org\",\"@graph\":[{\"@type\":\"WebPage\",\"@id\":\"https:\\\/\\\/kotobuki-international.com\\\/es\\\/kotobuki-seating-group\\\/\",\"url\":\"https:\\\/\\\/kotobuki-international.com\\\/es\\\/kotobuki-seating-group\\\/\",\"name\":\"Kotobuki Seating Group - Kotobuki Seating Intl.\",\"isPartOf\":{\"@id\":\"https:\\\/\\\/kotobuki-international.com\\\/es\\\/#website\"},\"datePublished\":\"2022-10-25T13:09:16+00:00\",\"dateModified\":\"2022-12-23T09:49:36+00:00\",\"breadcrumb\":{\"@id\":\"https:\\\/\\\/kotobuki-international.com\\\/es\\\/kotobuki-seating-group\\\/#breadcrumb\"},\"inLanguage\":\"es\",\"potentialAction\":[{\"@type\":\"ReadAction\",\"target\":[\"https:\\\/\\\/kotobuki-international.com\\\/es\\\/kotobuki-seating-group\\\/\"]}]},{\"@type\":\"BreadcrumbList\",\"@id\":\"https:\\\/\\\/kotobuki-international.com\\\/es\\\/kotobuki-seating-group\\\/#breadcrumb\",\"itemListElement\":[{\"@type\":\"ListItem\",\"position\":1,\"name\":\"Home\",\"item\":\"https:\\\/\\\/kotobuki-international.com\\\/es\\\/\"},{\"@type\":\"ListItem\",\"position\":2,\"name\":\"Empresa \u00bb Kotobuki Seating Group\"}]},{\"@type\":\"WebSite\",\"@id\":\"https:\\\/\\\/kotobuki-international.com\\\/es\\\/#website\",\"url\":\"https:\\\/\\\/kotobuki-international.com\\\/es\\\/\",\"name\":\"Kotobuki Seating Intl.\",\"description\":\"Seating Solutions for Global Communities\",\"publisher\":{\"@id\":\"https:\\\/\\\/kotobuki-international.com\\\/es\\\/#organization\"},\"potentialAction\":[{\"@type\":\"SearchAction\",\"target\":{\"@type\":\"EntryPoint\",\"urlTemplate\":\"https:\\\/\\\/kotobuki-international.com\\\/es\\\/?s={search_term_string}\"},\"query-input\":{\"@type\":\"PropertyValueSpecification\",\"valueRequired\":true,\"valueName\":\"search_term_string\"}}],\"inLanguage\":\"es\"},{\"@type\":\"Organization\",\"@id\":\"https:\\\/\\\/kotobuki-international.com\\\/es\\\/#organization\",\"name\":\"Kotobuki Seating Intl.\",\"url\":\"https:\\\/\\\/kotobuki-international.com\\\/es\\\/\",\"logo\":{\"@type\":\"ImageObject\",\"inLanguage\":\"es\",\"@id\":\"https:\\\/\\\/kotobuki-international.com\\\/es\\\/#\\\/schema\\\/logo\\\/image\\\/\",\"url\":\"https:\\\/\\\/kotobuki-international.com\\\/wp-content\\\/uploads\\\/2025\\\/07\\\/Kotobukli.png\",\"contentUrl\":\"https:\\\/\\\/kotobuki-international.com\\\/wp-content\\\/uploads\\\/2025\\\/07\\\/Kotobukli.png\",\"width\":673,\"height\":622,\"caption\":\"Kotobuki Seating Intl.\"},\"image\":{\"@id\":\"https:\\\/\\\/kotobuki-international.com\\\/es\\\/#\\\/schema\\\/logo\\\/image\\\/\"},\"sameAs\":[\"https:\\\/\\\/www.facebook.com\\\/SitwithKOTOBUKI\",\"https:\\\/\\\/www.linkedin.com\\\/company\\\/kotobuki-seat\"]}]}<\/script>\n<!-- \/ Yoast SEO plugin. -->","yoast_head_json":{"title":"Kotobuki Seating Group - Kotobuki Seating Intl.","robots":{"index":"index","follow":"follow","max-snippet":"max-snippet:-1","max-image-preview":"max-image-preview:large","max-video-preview":"max-video-preview:-1"},"canonical":"https:\/\/kotobuki-international.com\/es\/kotobuki-seating-group\/","og_locale":"es_ES","og_type":"article","og_title":"Kotobuki Seating Group - Kotobuki Seating Intl.","og_description":"Kotobuki Seating GroupEl grupo KOTOBUKI ASIENTOS posee las mejores f\u00e1bricas del mundo, especializadas en el dise\u00f1o y fabricaci\u00f3n de asientos y sistemas. Un network industrial, con los est\u00e1ndares t\u00e9cnicos m\u00e1s altos, de calidad, garant\u00eda y seguridad, con centros productivos en Jap\u00f3n, USA, UK, Vietnam y Malasia. La experiencia nos ha ense\u00f1ado precisamente que la evoluci\u00f3n [&hellip;]","og_url":"https:\/\/kotobuki-international.com\/es\/kotobuki-seating-group\/","og_site_name":"Kotobuki Seating Intl.","article_publisher":"https:\/\/www.facebook.com\/SitwithKOTOBUKI","article_modified_time":"2022-12-23T09:49:36+00:00","twitter_card":"summary_large_image","twitter_misc":{"Tiempo de lectura":"3 minutos"},"schema":{"@context":"https:\/\/schema.org","@graph":[{"@type":"WebPage","@id":"https:\/\/kotobuki-international.com\/es\/kotobuki-seating-group\/","url":"https:\/\/kotobuki-international.com\/es\/kotobuki-seating-group\/","name":"Kotobuki Seating Group - Kotobuki Seating Intl.","isPartOf":{"@id":"https:\/\/kotobuki-international.com\/es\/#website"},"datePublished":"2022-10-25T13:09:16+00:00","dateModified":"2022-12-23T09:49:36+00:00","breadcrumb":{"@id":"https:\/\/kotobuki-international.com\/es\/kotobuki-seating-group\/#breadcrumb"},"inLanguage":"es","potentialAction":[{"@type":"ReadAction","target":["https:\/\/kotobuki-international.com\/es\/kotobuki-seating-group\/"]}]},{"@type":"BreadcrumbList","@id":"https:\/\/kotobuki-international.com\/es\/kotobuki-seating-group\/#breadcrumb","itemListElement":[{"@type":"ListItem","position":1,"name":"Home","item":"https:\/\/kotobuki-international.com\/es\/"},{"@type":"ListItem","position":2,"name":"Empresa \u00bb Kotobuki Seating Group"}]},{"@type":"WebSite","@id":"https:\/\/kotobuki-international.com\/es\/#website","url":"https:\/\/kotobuki-international.com\/es\/","name":"Kotobuki Seating Intl.","description":"Seating Solutions for Global Communities","publisher":{"@id":"https:\/\/kotobuki-international.com\/es\/#organization"},"potentialAction":[{"@type":"SearchAction","target":{"@type":"EntryPoint","urlTemplate":"https:\/\/kotobuki-international.com\/es\/?s={search_term_string}"},"query-input":{"@type":"PropertyValueSpecification","valueRequired":true,"valueName":"search_term_string"}}],"inLanguage":"es"},{"@type":"Organization","@id":"https:\/\/kotobuki-international.com\/es\/#organization","name":"Kotobuki Seating Intl.","url":"https:\/\/kotobuki-international.com\/es\/","logo":{"@type":"ImageObject","inLanguage":"es","@id":"https:\/\/kotobuki-international.com\/es\/#\/schema\/logo\/image\/","url":"https:\/\/kotobuki-international.com\/wp-content\/uploads\/2025\/07\/Kotobukli.png","contentUrl":"https:\/\/kotobuki-international.com\/wp-content\/uploads\/2025\/07\/Kotobukli.png","width":673,"height":622,"caption":"Kotobuki Seating Intl."},"image":{"@id":"https:\/\/kotobuki-international.com\/es\/#\/schema\/logo\/image\/"},"sameAs":["https:\/\/www.facebook.com\/SitwithKOTOBUKI","https:\/\/www.linkedin.com\/company\/kotobuki-seat"]}]}},"_links":{"self":[{"href":"https:\/\/kotobuki-international.com\/es\/wp-json\/wp\/v2\/pages\/18031","targetHints":{"allow":["GET"]}}],"collection":[{"href":"https:\/\/kotobuki-international.com\/es\/wp-json\/wp\/v2\/pages"}],"about":[{"href":"https:\/\/kotobuki-international.com\/es\/wp-json\/wp\/v2\/types\/page"}],"author":[{"embeddable":true,"href":"https:\/\/kotobuki-international.com\/es\/wp-json\/wp\/v2\/users\/1"}],"replies":[{"embeddable":true,"href":"https:\/\/kotobuki-international.com\/es\/wp-json\/wp\/v2\/comments?post=18031"}],"version-history":[{"count":0,"href":"https:\/\/kotobuki-international.com\/es\/wp-json\/wp\/v2\/pages\/18031\/revisions"}],"wp:attachment":[{"href":"https:\/\/kotobuki-international.com\/es\/wp-json\/wp\/v2\/media?parent=18031"}],"curies":[{"name":"wp","href":"https:\/\/api.w.org\/{rel}","templated":true}]}}