{"id":18034,"date":"2022-10-18T11:55:10","date_gmt":"2022-10-18T15:55:10","guid":{"rendered":"https:\/\/kotobuki-international.com\/aviso-legal\/"},"modified":"2022-12-23T11:53:22","modified_gmt":"2022-12-23T09:53:22","slug":"aviso-legal","status":"publish","type":"page","link":"https:\/\/kotobuki-international.com\/es\/aviso-legal\/","title":{"rendered":"Aviso legal"},"content":{"rendered":"<p>[et_pb_section fb_built=\u00bb1&#8243; custom_padding_last_edited=\u00bbon|tablet\u00bb admin_label=\u00bbsection\u00bb _builder_version=\u00bb4.18.0&#8243; custom_padding=\u00bb0px||||false|false\u00bb custom_padding_tablet=\u00bb0px|30px||30px|false|false\u00bb custom_padding_phone=\u00bb0px|30px||30px|false|false\u00bb global_colors_info=\u00bb{}\u00bb][et_pb_row custom_padding_last_edited=\u00bbon|tablet\u00bb admin_label=\u00bbMigas de pan\u00bb _builder_version=\u00bb4.18.0&#8243; _module_preset=\u00bbdefault\u00bb width=\u00bb100%\u00bb custom_padding=\u00bb||||false|false\u00bb custom_padding_tablet=\u00bb||0px||false|false\u00bb custom_padding_phone=\u00bb||0px||false|false\u00bb global_colors_info=\u00bb{}\u00bb][et_pb_column type=\u00bb4_4&#8243; _builder_version=\u00bb4.18.0&#8243; _module_preset=\u00bbdefault\u00bb global_colors_info=\u00bb{}\u00bb][et_pb_text _builder_version=\u00bb4.18.0&#8243; _module_preset=\u00bbdefault\u00bb text_font=\u00bbHelvetica||||||||\u00bb text_text_color=\u00bb#777777&#8243; text_font_size=\u00bb12px\u00bb link_text_color=\u00bb#777777&#8243; global_colors_info=\u00bb{}\u00bb]<\/p>\n<span><span><a href=\"https:\/\/kotobuki-international.com\/es\/\">Home<\/a><\/span><\/span>\n<p>[\/et_pb_text][\/et_pb_column][\/et_pb_row][et_pb_row _builder_version=\u00bb4.18.0&#8243; _module_preset=\u00bbdefault\u00bb width=\u00bb100%\u00bb module_alignment=\u00bbcenter\u00bb global_colors_info=\u00bb{}\u00bb][et_pb_column type=\u00bb4_4&#8243; _builder_version=\u00bb4.18.0&#8243; _module_preset=\u00bbdefault\u00bb global_colors_info=\u00bb{}\u00bb][et_pb_text _builder_version=\u00bb4.18.0&#8243; _module_preset=\u00bbdefault\u00bb header_font=\u00bbHelvetica||||||||\u00bb global_colors_info=\u00bb{}\u00bb]<\/p>\n<h1>Aviso legal<\/h1>\n<p>[\/et_pb_text][et_pb_text _builder_version=\u00bb4.19.2&#8243; _module_preset=\u00bbdefault\u00bb global_colors_info=\u00bb{}\u00bb]<\/p>\n<p><strong>Datos fiscales<\/strong><\/p>\n<p>Propietario: KOTOBUKI SEATING INTERNATIONAL<\/p>\n<p>Direcci\u00f3n: 27 W 20th St Ste 504, New York, New York, 10011, United States<\/p>\n<p>Tel\u00e9fono: (212) 691-2325<\/p>\n<p><strong>Protecci\u00f3n de datos personales \/ Propiedad intelectual y responsabilidad de contenidos<\/strong><\/p>\n<p>Los datos de car\u00e1cter personal recogidos a trav\u00e9s del sitio web se utilizan \u00fanicamente para prestar los servicios solicitados as\u00ed como para la facturaci\u00f3n de los mismos. Los datos se incorporar\u00e1n a ficheros titularidad de KOTOBUKI SEATING INTERNATIONAL para facturaci\u00f3n y se conservar\u00e1n durante el plazo legalmente exigido. Podr\u00e1 ejercer sus derechos de acceso, rectificaci\u00f3n, cancelaci\u00f3n y oposici\u00f3n dirigi\u00e9ndose por escrito a KOTOBUKI SEATING INTERNATIONAL en 27 W 20th St Ste 504, New York, New York, 10011, Estados Unidos.<\/p>\n<p>Queda prohibido cualquier uso de los contenidos del sitio web, en concreto del texto, dise\u00f1o y c\u00f3digo fuente, sin la autorizaci\u00f3n expresa de su titular. Cualquier uso no autorizado ser\u00e1 perseguido por los leg\u00edtimos titulares. Asimismo, KSI no se hace responsable del contenido de los sitios a los que puedan conducir los enlaces de este sitio web, de conformidad con el art\u00edculo 17 de la LSSICE.<\/p>\n<p>[\/et_pb_text][\/et_pb_column][\/et_pb_row][\/et_pb_section]<\/p>\n","protected":false},"excerpt":{"rendered":"<p><span><span><a href=\"https:\/\/kotobuki-international.com\/es\/\">Home<\/a><\/span><\/span>Aviso legalDatos fiscales Propietario: KOTOBUKI SEATING INTERNATIONAL Direcci\u00f3n: 27 W 20th St Ste 504, New York, New York, 10011, United States Tel\u00e9fono: (212) 691-2325 Protecci\u00f3n de datos personales \/ Propiedad intelectual y responsabilidad de contenidos Los datos de car\u00e1cter personal recogidos a trav\u00e9s del sitio web se utilizan \u00fanicamente para prestar los servicios solicitados as\u00ed [&hellip;]<\/p>\n","protected":false},"author":1,"featured_media":0,"parent":0,"menu_order":100,"comment_status":"closed","ping_status":"closed","template":"","meta":{"_acf_changed":false,"_et_pb_use_builder":"on","_et_pb_old_content":"","_et_gb_content_width":"","footnotes":""},"class_list":["post-18034","page","type-page","status-publish","hentry"],"acf":[],"yoast_head":"<!-- This site is optimized with the Yoast SEO plugin v27.4 - https:\/\/yoast.com\/product\/yoast-seo-wordpress\/ -->\n<title>Aviso legal - Kotobuki Seating Intl.<\/title>\n<meta name=\"robots\" content=\"index, follow, max-snippet:-1, max-image-preview:large, max-video-preview:-1\" \/>\n<link rel=\"canonical\" href=\"https:\/\/kotobuki-international.com\/es\/aviso-legal\/\" \/>\n<meta property=\"og:locale\" content=\"es_ES\" \/>\n<meta property=\"og:type\" content=\"article\" \/>\n<meta property=\"og:title\" content=\"Aviso legal - Kotobuki Seating Intl.\" \/>\n<meta property=\"og:description\" content=\"Aviso legalDatos fiscales Propietario: KOTOBUKI SEATING INTERNATIONAL Direcci\u00f3n: 27 W 20th St Ste 504, New York, New York, 10011, United States Tel\u00e9fono: (212) 691-2325 Protecci\u00f3n de datos personales \/ Propiedad intelectual y responsabilidad de contenidos Los datos de car\u00e1cter personal recogidos a trav\u00e9s del sitio web se utilizan \u00fanicamente para prestar los servicios solicitados as\u00ed [&hellip;]\" \/>\n<meta property=\"og:url\" content=\"https:\/\/kotobuki-international.com\/es\/aviso-legal\/\" \/>\n<meta property=\"og:site_name\" content=\"Kotobuki Seating Intl.\" \/>\n<meta property=\"article:publisher\" content=\"https:\/\/www.facebook.com\/SitwithKOTOBUKI\" \/>\n<meta property=\"article:modified_time\" content=\"2022-12-23T09:53:22+00:00\" \/>\n<meta name=\"twitter:card\" content=\"summary_large_image\" \/>\n<meta name=\"twitter:label1\" content=\"Tiempo de lectura\" \/>\n\t<meta name=\"twitter:data1\" content=\"2 minutos\" \/>\n<script type=\"application\/ld+json\" class=\"yoast-schema-graph\">{\"@context\":\"https:\\\/\\\/schema.org\",\"@graph\":[{\"@type\":\"WebPage\",\"@id\":\"https:\\\/\\\/kotobuki-international.com\\\/es\\\/aviso-legal\\\/\",\"url\":\"https:\\\/\\\/kotobuki-international.com\\\/es\\\/aviso-legal\\\/\",\"name\":\"Aviso legal - Kotobuki Seating Intl.\",\"isPartOf\":{\"@id\":\"https:\\\/\\\/kotobuki-international.com\\\/es\\\/#website\"},\"datePublished\":\"2022-10-18T15:55:10+00:00\",\"dateModified\":\"2022-12-23T09:53:22+00:00\",\"breadcrumb\":{\"@id\":\"https:\\\/\\\/kotobuki-international.com\\\/es\\\/aviso-legal\\\/#breadcrumb\"},\"inLanguage\":\"es\",\"potentialAction\":[{\"@type\":\"ReadAction\",\"target\":[\"https:\\\/\\\/kotobuki-international.com\\\/es\\\/aviso-legal\\\/\"]}]},{\"@type\":\"BreadcrumbList\",\"@id\":\"https:\\\/\\\/kotobuki-international.com\\\/es\\\/aviso-legal\\\/#breadcrumb\",\"itemListElement\":[{\"@type\":\"ListItem\",\"position\":1,\"name\":\"Home\",\"item\":\"https:\\\/\\\/kotobuki-international.com\\\/es\\\/\"},{\"@type\":\"ListItem\",\"position\":2,\"name\":\"Aviso legal\"}]},{\"@type\":\"WebSite\",\"@id\":\"https:\\\/\\\/kotobuki-international.com\\\/es\\\/#website\",\"url\":\"https:\\\/\\\/kotobuki-international.com\\\/es\\\/\",\"name\":\"Kotobuki Seating Intl.\",\"description\":\"Seating Solutions for Global Communities\",\"publisher\":{\"@id\":\"https:\\\/\\\/kotobuki-international.com\\\/es\\\/#organization\"},\"potentialAction\":[{\"@type\":\"SearchAction\",\"target\":{\"@type\":\"EntryPoint\",\"urlTemplate\":\"https:\\\/\\\/kotobuki-international.com\\\/es\\\/?s={search_term_string}\"},\"query-input\":{\"@type\":\"PropertyValueSpecification\",\"valueRequired\":true,\"valueName\":\"search_term_string\"}}],\"inLanguage\":\"es\"},{\"@type\":\"Organization\",\"@id\":\"https:\\\/\\\/kotobuki-international.com\\\/es\\\/#organization\",\"name\":\"Kotobuki Seating Intl.\",\"url\":\"https:\\\/\\\/kotobuki-international.com\\\/es\\\/\",\"logo\":{\"@type\":\"ImageObject\",\"inLanguage\":\"es\",\"@id\":\"https:\\\/\\\/kotobuki-international.com\\\/es\\\/#\\\/schema\\\/logo\\\/image\\\/\",\"url\":\"https:\\\/\\\/kotobuki-international.com\\\/wp-content\\\/uploads\\\/2025\\\/07\\\/Kotobukli.png\",\"contentUrl\":\"https:\\\/\\\/kotobuki-international.com\\\/wp-content\\\/uploads\\\/2025\\\/07\\\/Kotobukli.png\",\"width\":673,\"height\":622,\"caption\":\"Kotobuki Seating Intl.\"},\"image\":{\"@id\":\"https:\\\/\\\/kotobuki-international.com\\\/es\\\/#\\\/schema\\\/logo\\\/image\\\/\"},\"sameAs\":[\"https:\\\/\\\/www.facebook.com\\\/SitwithKOTOBUKI\",\"https:\\\/\\\/www.linkedin.com\\\/company\\\/kotobuki-seat\"]}]}<\/script>\n<!-- \/ Yoast SEO plugin. -->","yoast_head_json":{"title":"Aviso legal - Kotobuki Seating Intl.","robots":{"index":"index","follow":"follow","max-snippet":"max-snippet:-1","max-image-preview":"max-image-preview:large","max-video-preview":"max-video-preview:-1"},"canonical":"https:\/\/kotobuki-international.com\/es\/aviso-legal\/","og_locale":"es_ES","og_type":"article","og_title":"Aviso legal - Kotobuki Seating Intl.","og_description":"Aviso legalDatos fiscales Propietario: KOTOBUKI SEATING INTERNATIONAL Direcci\u00f3n: 27 W 20th St Ste 504, New York, New York, 10011, United States Tel\u00e9fono: (212) 691-2325 Protecci\u00f3n de datos personales \/ Propiedad intelectual y responsabilidad de contenidos Los datos de car\u00e1cter personal recogidos a trav\u00e9s del sitio web se utilizan \u00fanicamente para prestar los servicios solicitados as\u00ed [&hellip;]","og_url":"https:\/\/kotobuki-international.com\/es\/aviso-legal\/","og_site_name":"Kotobuki Seating Intl.","article_publisher":"https:\/\/www.facebook.com\/SitwithKOTOBUKI","article_modified_time":"2022-12-23T09:53:22+00:00","twitter_card":"summary_large_image","twitter_misc":{"Tiempo de lectura":"2 minutos"},"schema":{"@context":"https:\/\/schema.org","@graph":[{"@type":"WebPage","@id":"https:\/\/kotobuki-international.com\/es\/aviso-legal\/","url":"https:\/\/kotobuki-international.com\/es\/aviso-legal\/","name":"Aviso legal - Kotobuki Seating Intl.","isPartOf":{"@id":"https:\/\/kotobuki-international.com\/es\/#website"},"datePublished":"2022-10-18T15:55:10+00:00","dateModified":"2022-12-23T09:53:22+00:00","breadcrumb":{"@id":"https:\/\/kotobuki-international.com\/es\/aviso-legal\/#breadcrumb"},"inLanguage":"es","potentialAction":[{"@type":"ReadAction","target":["https:\/\/kotobuki-international.com\/es\/aviso-legal\/"]}]},{"@type":"BreadcrumbList","@id":"https:\/\/kotobuki-international.com\/es\/aviso-legal\/#breadcrumb","itemListElement":[{"@type":"ListItem","position":1,"name":"Home","item":"https:\/\/kotobuki-international.com\/es\/"},{"@type":"ListItem","position":2,"name":"Aviso legal"}]},{"@type":"WebSite","@id":"https:\/\/kotobuki-international.com\/es\/#website","url":"https:\/\/kotobuki-international.com\/es\/","name":"Kotobuki Seating Intl.","description":"Seating Solutions for Global Communities","publisher":{"@id":"https:\/\/kotobuki-international.com\/es\/#organization"},"potentialAction":[{"@type":"SearchAction","target":{"@type":"EntryPoint","urlTemplate":"https:\/\/kotobuki-international.com\/es\/?s={search_term_string}"},"query-input":{"@type":"PropertyValueSpecification","valueRequired":true,"valueName":"search_term_string"}}],"inLanguage":"es"},{"@type":"Organization","@id":"https:\/\/kotobuki-international.com\/es\/#organization","name":"Kotobuki Seating Intl.","url":"https:\/\/kotobuki-international.com\/es\/","logo":{"@type":"ImageObject","inLanguage":"es","@id":"https:\/\/kotobuki-international.com\/es\/#\/schema\/logo\/image\/","url":"https:\/\/kotobuki-international.com\/wp-content\/uploads\/2025\/07\/Kotobukli.png","contentUrl":"https:\/\/kotobuki-international.com\/wp-content\/uploads\/2025\/07\/Kotobukli.png","width":673,"height":622,"caption":"Kotobuki Seating Intl."},"image":{"@id":"https:\/\/kotobuki-international.com\/es\/#\/schema\/logo\/image\/"},"sameAs":["https:\/\/www.facebook.com\/SitwithKOTOBUKI","https:\/\/www.linkedin.com\/company\/kotobuki-seat"]}]}},"_links":{"self":[{"href":"https:\/\/kotobuki-international.com\/es\/wp-json\/wp\/v2\/pages\/18034","targetHints":{"allow":["GET"]}}],"collection":[{"href":"https:\/\/kotobuki-international.com\/es\/wp-json\/wp\/v2\/pages"}],"about":[{"href":"https:\/\/kotobuki-international.com\/es\/wp-json\/wp\/v2\/types\/page"}],"author":[{"embeddable":true,"href":"https:\/\/kotobuki-international.com\/es\/wp-json\/wp\/v2\/users\/1"}],"replies":[{"embeddable":true,"href":"https:\/\/kotobuki-international.com\/es\/wp-json\/wp\/v2\/comments?post=18034"}],"version-history":[{"count":0,"href":"https:\/\/kotobuki-international.com\/es\/wp-json\/wp\/v2\/pages\/18034\/revisions"}],"wp:attachment":[{"href":"https:\/\/kotobuki-international.com\/es\/wp-json\/wp\/v2\/media?parent=18034"}],"curies":[{"name":"wp","href":"https:\/\/api.w.org\/{rel}","templated":true}]}}