{"id":18037,"date":"2022-10-25T09:24:33","date_gmt":"2022-10-25T13:24:33","guid":{"rendered":"https:\/\/kotobuki-international.com\/mantenimiento\/"},"modified":"2023-01-16T18:42:56","modified_gmt":"2023-01-16T16:42:56","slug":"mantenimiento","status":"publish","type":"page","link":"https:\/\/kotobuki-international.com\/es\/mantenimiento\/","title":{"rendered":"Mantenimiento"},"content":{"rendered":"<p>[et_pb_section fb_built=\u00bb1&#8243; custom_padding_last_edited=\u00bbon|tablet\u00bb admin_label=\u00bbsection\u00bb _builder_version=\u00bb4.18.0&#8243; custom_padding=\u00bb0px||||false|false\u00bb custom_padding_tablet=\u00bb0px|30px||30px|false|false\u00bb custom_padding_phone=\u00bb0px|30px||30px|false|false\u00bb global_colors_info=\u00bb{}\u00bb][et_pb_row custom_padding_last_edited=\u00bbon|tablet\u00bb admin_label=\u00bbMigas de pan\u00bb _builder_version=\u00bb4.18.0&#8243; _module_preset=\u00bbdefault\u00bb width=\u00bb100%\u00bb custom_padding=\u00bb||||false|false\u00bb custom_padding_tablet=\u00bb||0px||false|false\u00bb custom_padding_phone=\u00bb||0px||false|false\u00bb global_colors_info=\u00bb{}\u00bb][et_pb_column type=\u00bb4_4&#8243; _builder_version=\u00bb4.18.0&#8243; _module_preset=\u00bbdefault\u00bb global_colors_info=\u00bb{}\u00bb][et_pb_text _builder_version=\u00bb4.18.0&#8243; _module_preset=\u00bbdefault\u00bb text_font=\u00bbHelvetica||||||||\u00bb text_text_color=\u00bb#777777&#8243; text_font_size=\u00bb12px\u00bb link_text_color=\u00bb#777777&#8243; global_colors_info=\u00bb{}\u00bb]<\/p>\n<span><span><a href=\"https:\/\/kotobuki-international.com\/es\/\">Home<\/a><\/span><\/span>\n<p>[\/et_pb_text][\/et_pb_column][\/et_pb_row][et_pb_row _builder_version=\u00bb4.18.0&#8243; _module_preset=\u00bbdefault\u00bb width=\u00bb100%\u00bb module_alignment=\u00bbcenter\u00bb global_colors_info=\u00bb{}\u00bb][et_pb_column type=\u00bb4_4&#8243; _builder_version=\u00bb4.18.0&#8243; _module_preset=\u00bbdefault\u00bb global_colors_info=\u00bb{}\u00bb][et_pb_text _builder_version=\u00bb4.18.0&#8243; _module_preset=\u00bbdefault\u00bb header_font=\u00bbHelvetica||||||||\u00bb custom_margin=\u00bb||-1px|||\u00bb global_colors_info=\u00bb{}\u00bb]<\/p>\n<h1>Mantenimiento<\/h1>\n<p>[\/et_pb_text][et_pb_text _builder_version=\u00bb4.19.4&#8243; _module_preset=\u00bbdefault\u00bb hover_enabled=\u00bb0&#8243; global_colors_info=\u00bb{}\u00bb sticky_enabled=\u00bb0&#8243;]<\/p>\n<p><strong>Uno de los principales objetivos de las empresas del grupo KOTOBUKI ASIENTOS es conseguir que las instalaciones de los clientes est\u00e9n siempre en perfectas condiciones.<\/strong> Para lograr este objetivo, contamos con un equipo de profesionales encargados del cuidado y mantenimiento de los productos que hemos fabricado e instalado. Como todos los productos mec\u00e1nicos o electr\u00f3nicos, recomendamos que nuestras instalaciones se sometan a auditor\u00edas de diagn\u00f3stico y protocolos de mantenimiento. De esta manera <strong>nos aseguramos de que alcancen un ciclo de vida prolongado y ayudemos a conservar el planeta.<\/strong><\/p>\n<p>[\/et_pb_text][et_pb_image src=\u00bbhttps:\/\/kotobuki-international.com\/wp-content\/uploads\/2022\/11\/Maintenance_1-scaled.jpg\u00bb title_text=\u00bbMaintenance_1&#8243; show_in_lightbox=\u00bbon\u00bb align=\u00bbcenter\u00bb force_fullwidth=\u00bbon\u00bb _builder_version=\u00bb4.19.1&#8243; _module_preset=\u00bbdefault\u00bb global_colors_info=\u00bb{}\u00bb][\/et_pb_image][et_pb_image src=\u00bbhttps:\/\/kotobuki-international.com\/wp-content\/uploads\/2022\/11\/Maintenance_2-scaled.jpg\u00bb title_text=\u00bbMaintenance_2&#8243; show_in_lightbox=\u00bbon\u00bb align=\u00bbcenter\u00bb force_fullwidth=\u00bbon\u00bb _builder_version=\u00bb4.19.1&#8243; _module_preset=\u00bbdefault\u00bb global_colors_info=\u00bb{}\u00bb][\/et_pb_image][\/et_pb_column][\/et_pb_row][\/et_pb_section]<\/p>\n","protected":false},"excerpt":{"rendered":"<p><span><span><a href=\"https:\/\/kotobuki-international.com\/es\/\">Home<\/a><\/span><\/span>MantenimientoUno de los principales objetivos de las empresas del grupo KOTOBUKI ASIENTOS es conseguir que las instalaciones de los clientes est\u00e9n siempre en perfectas condiciones. Para lograr este objetivo, contamos con un equipo de profesionales encargados del cuidado y mantenimiento de los productos que hemos fabricado e instalado. Como todos los productos mec\u00e1nicos o electr\u00f3nicos, [&hellip;]<\/p>\n","protected":false},"author":1,"featured_media":0,"parent":0,"menu_order":65,"comment_status":"closed","ping_status":"closed","template":"","meta":{"_acf_changed":false,"_et_pb_use_builder":"on","_et_pb_old_content":"","_et_gb_content_width":"","footnotes":""},"class_list":["post-18037","page","type-page","status-publish","hentry"],"acf":[],"yoast_head":"<!-- This site is optimized with the Yoast SEO plugin v27.6 - https:\/\/yoast.com\/product\/yoast-seo-wordpress\/ -->\n<title>Mantenimiento - Kotobuki Seating Intl.<\/title>\n<meta name=\"robots\" content=\"index, follow, max-snippet:-1, max-image-preview:large, max-video-preview:-1\" \/>\n<link rel=\"canonical\" href=\"https:\/\/kotobuki-international.com\/es\/mantenimiento\/\" \/>\n<meta property=\"og:locale\" content=\"es_ES\" \/>\n<meta property=\"og:type\" content=\"article\" \/>\n<meta property=\"og:title\" content=\"Mantenimiento - Kotobuki Seating Intl.\" \/>\n<meta property=\"og:description\" content=\"MantenimientoUno de los principales objetivos de las empresas del grupo KOTOBUKI ASIENTOS es conseguir que las instalaciones de los clientes est\u00e9n siempre en perfectas condiciones. Para lograr este objetivo, contamos con un equipo de profesionales encargados del cuidado y mantenimiento de los productos que hemos fabricado e instalado. Como todos los productos mec\u00e1nicos o electr\u00f3nicos, [&hellip;]\" \/>\n<meta property=\"og:url\" content=\"https:\/\/kotobuki-international.com\/es\/mantenimiento\/\" \/>\n<meta property=\"og:site_name\" content=\"Kotobuki Seating Intl.\" \/>\n<meta property=\"article:publisher\" content=\"https:\/\/www.facebook.com\/SitwithKOTOBUKI\" \/>\n<meta property=\"article:modified_time\" content=\"2023-01-16T16:42:56+00:00\" \/>\n<meta name=\"twitter:card\" content=\"summary_large_image\" \/>\n<meta name=\"twitter:label1\" content=\"Tiempo de lectura\" \/>\n\t<meta name=\"twitter:data1\" content=\"2 minutos\" \/>\n<script type=\"application\/ld+json\" class=\"yoast-schema-graph\">{\"@context\":\"https:\\\/\\\/schema.org\",\"@graph\":[{\"@type\":\"WebPage\",\"@id\":\"https:\\\/\\\/kotobuki-international.com\\\/es\\\/mantenimiento\\\/\",\"url\":\"https:\\\/\\\/kotobuki-international.com\\\/es\\\/mantenimiento\\\/\",\"name\":\"Mantenimiento - Kotobuki Seating Intl.\",\"isPartOf\":{\"@id\":\"https:\\\/\\\/kotobuki-international.com\\\/es\\\/#website\"},\"datePublished\":\"2022-10-25T13:24:33+00:00\",\"dateModified\":\"2023-01-16T16:42:56+00:00\",\"breadcrumb\":{\"@id\":\"https:\\\/\\\/kotobuki-international.com\\\/es\\\/mantenimiento\\\/#breadcrumb\"},\"inLanguage\":\"es\",\"potentialAction\":[{\"@type\":\"ReadAction\",\"target\":[\"https:\\\/\\\/kotobuki-international.com\\\/es\\\/mantenimiento\\\/\"]}]},{\"@type\":\"BreadcrumbList\",\"@id\":\"https:\\\/\\\/kotobuki-international.com\\\/es\\\/mantenimiento\\\/#breadcrumb\",\"itemListElement\":[{\"@type\":\"ListItem\",\"position\":1,\"name\":\"Home\",\"item\":\"https:\\\/\\\/kotobuki-international.com\\\/es\\\/\"},{\"@type\":\"ListItem\",\"position\":2,\"name\":\"Empresa \u00bb Mantenimiento\"}]},{\"@type\":\"WebSite\",\"@id\":\"https:\\\/\\\/kotobuki-international.com\\\/es\\\/#website\",\"url\":\"https:\\\/\\\/kotobuki-international.com\\\/es\\\/\",\"name\":\"Kotobuki Seating Intl.\",\"description\":\"Seating Solutions for Global Communities\",\"publisher\":{\"@id\":\"https:\\\/\\\/kotobuki-international.com\\\/es\\\/#organization\"},\"potentialAction\":[{\"@type\":\"SearchAction\",\"target\":{\"@type\":\"EntryPoint\",\"urlTemplate\":\"https:\\\/\\\/kotobuki-international.com\\\/es\\\/?s={search_term_string}\"},\"query-input\":{\"@type\":\"PropertyValueSpecification\",\"valueRequired\":true,\"valueName\":\"search_term_string\"}}],\"inLanguage\":\"es\"},{\"@type\":\"Organization\",\"@id\":\"https:\\\/\\\/kotobuki-international.com\\\/es\\\/#organization\",\"name\":\"Kotobuki Seating Intl.\",\"url\":\"https:\\\/\\\/kotobuki-international.com\\\/es\\\/\",\"logo\":{\"@type\":\"ImageObject\",\"inLanguage\":\"es\",\"@id\":\"https:\\\/\\\/kotobuki-international.com\\\/es\\\/#\\\/schema\\\/logo\\\/image\\\/\",\"url\":\"https:\\\/\\\/kotobuki-international.com\\\/wp-content\\\/uploads\\\/2025\\\/07\\\/Kotobukli.png\",\"contentUrl\":\"https:\\\/\\\/kotobuki-international.com\\\/wp-content\\\/uploads\\\/2025\\\/07\\\/Kotobukli.png\",\"width\":673,\"height\":622,\"caption\":\"Kotobuki Seating Intl.\"},\"image\":{\"@id\":\"https:\\\/\\\/kotobuki-international.com\\\/es\\\/#\\\/schema\\\/logo\\\/image\\\/\"},\"sameAs\":[\"https:\\\/\\\/www.facebook.com\\\/SitwithKOTOBUKI\",\"https:\\\/\\\/www.linkedin.com\\\/company\\\/kotobuki-seat\"]}]}<\/script>\n<!-- \/ Yoast SEO plugin. -->","yoast_head_json":{"title":"Mantenimiento - Kotobuki Seating Intl.","robots":{"index":"index","follow":"follow","max-snippet":"max-snippet:-1","max-image-preview":"max-image-preview:large","max-video-preview":"max-video-preview:-1"},"canonical":"https:\/\/kotobuki-international.com\/es\/mantenimiento\/","og_locale":"es_ES","og_type":"article","og_title":"Mantenimiento - Kotobuki Seating Intl.","og_description":"MantenimientoUno de los principales objetivos de las empresas del grupo KOTOBUKI ASIENTOS es conseguir que las instalaciones de los clientes est\u00e9n siempre en perfectas condiciones. Para lograr este objetivo, contamos con un equipo de profesionales encargados del cuidado y mantenimiento de los productos que hemos fabricado e instalado. Como todos los productos mec\u00e1nicos o electr\u00f3nicos, [&hellip;]","og_url":"https:\/\/kotobuki-international.com\/es\/mantenimiento\/","og_site_name":"Kotobuki Seating Intl.","article_publisher":"https:\/\/www.facebook.com\/SitwithKOTOBUKI","article_modified_time":"2023-01-16T16:42:56+00:00","twitter_card":"summary_large_image","twitter_misc":{"Tiempo de lectura":"2 minutos"},"schema":{"@context":"https:\/\/schema.org","@graph":[{"@type":"WebPage","@id":"https:\/\/kotobuki-international.com\/es\/mantenimiento\/","url":"https:\/\/kotobuki-international.com\/es\/mantenimiento\/","name":"Mantenimiento - Kotobuki Seating Intl.","isPartOf":{"@id":"https:\/\/kotobuki-international.com\/es\/#website"},"datePublished":"2022-10-25T13:24:33+00:00","dateModified":"2023-01-16T16:42:56+00:00","breadcrumb":{"@id":"https:\/\/kotobuki-international.com\/es\/mantenimiento\/#breadcrumb"},"inLanguage":"es","potentialAction":[{"@type":"ReadAction","target":["https:\/\/kotobuki-international.com\/es\/mantenimiento\/"]}]},{"@type":"BreadcrumbList","@id":"https:\/\/kotobuki-international.com\/es\/mantenimiento\/#breadcrumb","itemListElement":[{"@type":"ListItem","position":1,"name":"Home","item":"https:\/\/kotobuki-international.com\/es\/"},{"@type":"ListItem","position":2,"name":"Empresa \u00bb Mantenimiento"}]},{"@type":"WebSite","@id":"https:\/\/kotobuki-international.com\/es\/#website","url":"https:\/\/kotobuki-international.com\/es\/","name":"Kotobuki Seating Intl.","description":"Seating Solutions for Global Communities","publisher":{"@id":"https:\/\/kotobuki-international.com\/es\/#organization"},"potentialAction":[{"@type":"SearchAction","target":{"@type":"EntryPoint","urlTemplate":"https:\/\/kotobuki-international.com\/es\/?s={search_term_string}"},"query-input":{"@type":"PropertyValueSpecification","valueRequired":true,"valueName":"search_term_string"}}],"inLanguage":"es"},{"@type":"Organization","@id":"https:\/\/kotobuki-international.com\/es\/#organization","name":"Kotobuki Seating Intl.","url":"https:\/\/kotobuki-international.com\/es\/","logo":{"@type":"ImageObject","inLanguage":"es","@id":"https:\/\/kotobuki-international.com\/es\/#\/schema\/logo\/image\/","url":"https:\/\/kotobuki-international.com\/wp-content\/uploads\/2025\/07\/Kotobukli.png","contentUrl":"https:\/\/kotobuki-international.com\/wp-content\/uploads\/2025\/07\/Kotobukli.png","width":673,"height":622,"caption":"Kotobuki Seating Intl."},"image":{"@id":"https:\/\/kotobuki-international.com\/es\/#\/schema\/logo\/image\/"},"sameAs":["https:\/\/www.facebook.com\/SitwithKOTOBUKI","https:\/\/www.linkedin.com\/company\/kotobuki-seat"]}]}},"_links":{"self":[{"href":"https:\/\/kotobuki-international.com\/es\/wp-json\/wp\/v2\/pages\/18037","targetHints":{"allow":["GET"]}}],"collection":[{"href":"https:\/\/kotobuki-international.com\/es\/wp-json\/wp\/v2\/pages"}],"about":[{"href":"https:\/\/kotobuki-international.com\/es\/wp-json\/wp\/v2\/types\/page"}],"author":[{"embeddable":true,"href":"https:\/\/kotobuki-international.com\/es\/wp-json\/wp\/v2\/users\/1"}],"replies":[{"embeddable":true,"href":"https:\/\/kotobuki-international.com\/es\/wp-json\/wp\/v2\/comments?post=18037"}],"version-history":[{"count":0,"href":"https:\/\/kotobuki-international.com\/es\/wp-json\/wp\/v2\/pages\/18037\/revisions"}],"wp:attachment":[{"href":"https:\/\/kotobuki-international.com\/es\/wp-json\/wp\/v2\/media?parent=18037"}],"curies":[{"name":"wp","href":"https:\/\/api.w.org\/{rel}","templated":true}]}}